{"id":395,"date":"2021-07-31T03:00:06","date_gmt":"2021-07-31T03:00:06","guid":{"rendered":"https:\/\/cela.org.vn\/?page_id=395"},"modified":"2021-08-02T10:54:27","modified_gmt":"2021-08-02T10:54:27","slug":"xb-pham","status":"publish","type":"page","link":"https:\/\/cela.org.vn\/vi\/xb-pham\/","title":{"rendered":"Xu\u1ea5t b\u1ea3n ph\u1ea9m"},"content":{"rendered":"\n  <div class=\"banner has-hover\" id=\"banner-2004011337\">\n          <div class=\"banner-inner fill\">\n        <div class=\"banner-bg fill\" >\n            <div class=\"bg fill bg-fill \"><\/div>\n                                    \n                    <\/div>\n        <div class=\"banner-layers container\">\n            <div class=\"fill banner-link\"><\/div>            \n   <div id=\"text-box-262203359\" class=\"text-box banner-layer x50 md-x50 lg-x50 y50 md-y50 lg-y50 res-text\">\n                                <div class=\"text-box-content text dark\">\n              \n              <div class=\"text-inner text-center\">\n                  \n              <\/div>\n           <\/div>\n                            \n<style>\n#text-box-262203359 {\n  width: 60%;\n}\n#text-box-262203359 .text-box-content {\n  font-size: 100%;\n}\n<\/style>\n    <\/div>\n \n        <\/div>\n      <\/div>\n\n            \n<style>\n#banner-2004011337 {\n  padding-top: 300px;\n}\n#banner-2004011337 .bg.bg-loaded {\n  background-image: url(https:\/\/cela.org.vn\/wp-content\/uploads\/2021\/07\/banner.jpg);\n}\n<\/style>\n  <\/div>\n\n\n\t<section class=\"section\" id=\"section_1999418564\">\n\t\t<div class=\"bg section-bg fill bg-fill  bg-loaded\" >\n\n\t\t\t\n\t\t\t\n\t\t\t\n\n\t\t<\/div>\n\n\t\t<div class=\"section-content relative\">\n\t\t\t\n<div class=\"row\"  id=\"row-1090841865\">\n\n\t<div id=\"col-1618699245\" class=\"col small-12 large-12\"  >\n\t\t\t\t<div class=\"col-inner\"  >\n\t\t\t\n\t\t\t\n<div class=\"container section-title-container title-t-1\" ><h1 class=\"section-title section-title-center\"><b><\/b><span class=\"section-title-main\" >Xu\u1ea5t b\u1ea3n ph\u1ea9m<\/span><b><\/b><\/h1><\/div>\n\n  \n    <div class=\"row large-columns-1 medium-columns-1 small-columns-1 row-small has-shadow row-box-shadow-2\">\n  \t\t<div class=\"col post-item\" >\n\t\t\t<div class=\"col-inner\">\n\t\t\t<a href=\"https:\/\/cela.org.vn\/vi\/quy-trinh-danh-gia-va-cap-chung-nhan-nguoi-khuyet-tat-cho-tre-em-co-tu-ky.html\/\" class=\"plain\">\n\t\t\t\t<div class=\"box box-vertical box-text-bottom box-blog-post has-hover\">\n            \t\t\t\t\t<div class=\"box-image\" style=\"width:30%;\">\n  \t\t\t\t\t\t<div class=\"image-cover\" style=\"padding-top:100%;\">\n  \t\t\t\t\t\t\t<img loading=\"lazy\" decoding=\"async\" width=\"753\" height=\"565\" src=\"https:\/\/cela.org.vn\/wp-content\/uploads\/2021\/08\/quy-trinh-danh-gia-va-cap-chung-nhan_moi-sua.jpg\" class=\"attachment-original size-original wp-post-image\" alt=\"\" srcset=\"https:\/\/cela.org.vn\/wp-content\/uploads\/2021\/08\/quy-trinh-danh-gia-va-cap-chung-nhan_moi-sua.jpg 753w, https:\/\/cela.org.vn\/wp-content\/uploads\/2021\/08\/quy-trinh-danh-gia-va-cap-chung-nhan_moi-sua-300x225.jpg 300w, https:\/\/cela.org.vn\/wp-content\/uploads\/2021\/08\/quy-trinh-danh-gia-va-cap-chung-nhan_moi-sua-16x12.jpg 16w\" sizes=\"auto, (max-width: 753px) 100vw, 753px\" \/>  \t\t\t\t\t\t\t  \t\t\t\t\t\t\t  \t\t\t\t\t\t<\/div>\n  \t\t\t\t\t\t  \t\t\t\t\t<\/div>\n          \t\t\t\t\t<div class=\"box-text text-left\" >\n\t\t\t\t\t<div class=\"box-text-inner blog-post-inner\">\n\n\t\t\t\t\t\n\t\t\t\t\t\t\t\t\t\t<h5 class=\"post-title is-large \">Quy tr\u00ecnh \u0111\u00e1nh gi\u00e1 v\u00e0 c\u1ea5p ch\u1ee9ng nh\u1eadn ng\u01b0\u1eddi khuy\u1ebft t\u1eadt cho tr\u1ebb em c\u00f3 t\u1ef1 k\u1ef7<\/h5>\n\t\t\t\t\t<div class=\"post-meta is-small op-8\">2 Th\u00e1ng 8, 2021<\/div>\t\t\t\t\t<div class=\"is-divider\"><\/div>\n\t\t\t\t\t\t\t\t\t\t<p class=\"from_the_blog_excerpt \">T\u00e0i li\u1ec7u h\u01b0\u1edbng d\u1eabn li\u00ean quan \u0111\u1ebfn quy tr\u00ecnh \u0111\u00e1nh gi\u00e1 v\u00e0 c\u1ea5p ch\u1ee9ng nh\u1eadn ng\u01b0\u1eddi khuy\u1ebft t\u1eadt cho tr\u1ebb em c\u00f3 t\u1ef1 k\u1ef7 nh\u1eb1m n\u00e2ng cao n\u0103ng l\u1ef1c cho c\u00e1c \u0111\u1ed1i t\u01b0\u1ee3ng th\u1ee5 h\u01b0\u1edfng ch\u00ednh s\u00e1ch g\u1ed3m t\u1ed5 ch\u1ee9c c\u1ee7a c\u00e1c ph\u1ee5 huynh, ng\u01b0\u1eddi ch\u0103m s\u00f3c, c\u00e1c c\u01a1 quan...\t\t\t\t\t<\/p>\n\t\t\t\t\t                    \n\t\t\t\t\t\n\t\t\t\t\t\n\t\t\t\t\t<\/div>\n\t\t\t\t\t<\/div>\n\t\t\t\t\t\t\t\t\t<\/div>\n\t\t\t\t<\/a>\n\t\t\t<\/div>\n\t\t<\/div>\n\t\t<div class=\"col post-item\" >\n\t\t\t<div class=\"col-inner\">\n\t\t\t<a href=\"https:\/\/cela.org.vn\/vi\/nhung-dieu-can-biet-ve-roi-loan-pho-tu-ky.html\/\" class=\"plain\">\n\t\t\t\t<div class=\"box box-vertical box-text-bottom box-blog-post has-hover\">\n            \t\t\t\t\t<div class=\"box-image\" style=\"width:30%;\">\n  \t\t\t\t\t\t<div class=\"image-cover\" style=\"padding-top:100%;\">\n  \t\t\t\t\t\t\t<img loading=\"lazy\" decoding=\"async\" width=\"565\" height=\"753\" src=\"https:\/\/cela.org.vn\/wp-content\/uploads\/2021\/08\/t-2.jpg\" class=\"attachment-original size-original wp-post-image\" alt=\"\" srcset=\"https:\/\/cela.org.vn\/wp-content\/uploads\/2021\/08\/t-2.jpg 565w, https:\/\/cela.org.vn\/wp-content\/uploads\/2021\/08\/t-2-225x300.jpg 225w\" sizes=\"auto, (max-width: 565px) 100vw, 565px\" \/>  \t\t\t\t\t\t\t  \t\t\t\t\t\t\t  \t\t\t\t\t\t<\/div>\n  \t\t\t\t\t\t  \t\t\t\t\t<\/div>\n          \t\t\t\t\t<div class=\"box-text text-left\" >\n\t\t\t\t\t<div class=\"box-text-inner blog-post-inner\">\n\n\t\t\t\t\t\n\t\t\t\t\t\t\t\t\t\t<h5 class=\"post-title is-large \">NH\u1eeeNG \u0110I\u1ec0U C\u1ea6N BI\u1ebeT V\u1ec0 R\u1ed0I LO\u1ea0N PH\u1ed4 T\u1ef0 K\u1ef6<\/h5>\n\t\t\t\t\t<div class=\"post-meta is-small op-8\">2 Th\u00e1ng 8, 2021<\/div>\t\t\t\t\t<div class=\"is-divider\"><\/div>\n\t\t\t\t\t\t\t\t\t\t<p class=\"from_the_blog_excerpt \">T\u00e0i li\u1ec7u h\u01b0\u1edbng d\u1eabn li\u00ean quan \u0111\u1ebfn nh\u1eefng \u0111i\u1ec1u c\u1ea7n bi\u1ebft v\u1ec1 khuy\u1ebft t\u1eadt t\u1ef1 k\u1ef7 nh\u1eb1m n\u00e2ng cao n\u0103ng l\u1ef1c cho c\u00e1c \u0111\u1ed1i t\u01b0\u1ee3ng th\u1ee5 h\u01b0\u1edfng ch\u00ednh s\u00e1ch g\u1ed3m t\u1ed5 ch\u1ee9c c\u1ee7a c\u00e1c ph\u1ee5 huynh, ng\u01b0\u1eddi ch\u0103m s\u00f3c, c\u00e1c c\u01a1 quan qu\u1ea3n l\u00fd nh\u00e0 n\u01b0\u1edbc, nh\u00e0 chuy\u00ean m\u00f4n. T\u1ea3i...\t\t\t\t\t<\/p>\n\t\t\t\t\t                    \n\t\t\t\t\t\n\t\t\t\t\t\n\t\t\t\t\t<\/div>\n\t\t\t\t\t<\/div>\n\t\t\t\t\t\t\t\t\t<\/div>\n\t\t\t\t<\/a>\n\t\t\t<\/div>\n\t\t<\/div>\n\t\t<div class=\"col post-item\" >\n\t\t\t<div class=\"col-inner\">\n\t\t\t<a href=\"https:\/\/cela.org.vn\/vi\/cach-nhan-dang-bien-phap-dieu-tri-can-thiep-co-can-cu-khoa-hoc-duoc-the-gioi-cong-nhan.html\/\" class=\"plain\">\n\t\t\t\t<div class=\"box box-vertical box-text-bottom box-blog-post has-hover\">\n            \t\t\t\t\t<div class=\"box-image\" style=\"width:30%;\">\n  \t\t\t\t\t\t<div class=\"image-cover\" style=\"padding-top:100%;\">\n  \t\t\t\t\t\t\t<img loading=\"lazy\" decoding=\"async\" width=\"720\" height=\"1040\" src=\"https:\/\/cela.org.vn\/wp-content\/uploads\/2021\/08\/CACH-NHAN-DANG-BIEN-PHAP-DIEU-TRI.jpg\" class=\"attachment-original size-original wp-post-image\" alt=\"\" srcset=\"https:\/\/cela.org.vn\/wp-content\/uploads\/2021\/08\/CACH-NHAN-DANG-BIEN-PHAP-DIEU-TRI.jpg 720w, https:\/\/cela.org.vn\/wp-content\/uploads\/2021\/08\/CACH-NHAN-DANG-BIEN-PHAP-DIEU-TRI-208x300.jpg 208w, https:\/\/cela.org.vn\/wp-content\/uploads\/2021\/08\/CACH-NHAN-DANG-BIEN-PHAP-DIEU-TRI-709x1024.jpg 709w, https:\/\/cela.org.vn\/wp-content\/uploads\/2021\/08\/CACH-NHAN-DANG-BIEN-PHAP-DIEU-TRI-8x12.jpg 8w\" sizes=\"auto, (max-width: 720px) 100vw, 720px\" \/>  \t\t\t\t\t\t\t  \t\t\t\t\t\t\t  \t\t\t\t\t\t<\/div>\n  \t\t\t\t\t\t  \t\t\t\t\t<\/div>\n          \t\t\t\t\t<div class=\"box-text text-left\" >\n\t\t\t\t\t<div class=\"box-text-inner blog-post-inner\">\n\n\t\t\t\t\t\n\t\t\t\t\t\t\t\t\t\t<h5 class=\"post-title is-large \">C\u00c1CH NH\u1eacN D\u1ea0NG BI\u1ec6N PH\u00c1P \u0110I\u1ec0U TR\u1eca, CAN THI\u1ec6P C\u00d3 C\u0102N C\u1ee8 KHOA H\u1eccC \u0110\u01af\u1ee2C TH\u1ebe GI\u1edaI C\u00d4NG NH\u1eacN<\/h5>\n\t\t\t\t\t<div class=\"post-meta is-small op-8\">2 Th\u00e1ng 8, 2021<\/div>\t\t\t\t\t<div class=\"is-divider\"><\/div>\n\t\t\t\t\t\t\t\t\t\t<p class=\"from_the_blog_excerpt \">Hi\u1ec7n nay, m\u1eb7c d\u00f9 c\u00f3 r\u1ea5t nhi\u1ec1u c\u00e1c ph\u01b0\u01a1ng ph\u00e1p \u0111\u01b0\u1ee3c nghi\u00ean c\u1ee9u nh\u1eb1m c\u1ea3i thi\u1ec7n c\u00e1c tri\u1ec7u ch\u1ee9ng c\u1ed1t l\u00f5i c\u1ee7a r\u1ed1i lo\u1ea1n ph\u1ed5 t\u1ef1 k\u1ef7, tuy nhi\u00ean, v\u1eabn ch\u01b0a c\u00f3 k\u1ebft qu\u1ea3 nghi\u00ean c\u1ee9u n\u00e0o kh\u1eb3ng \u0111\u1ecbnh c\u00f3 th\u1ec3 ch\u1eefa kh\u1ecfi d\u1ea1ng r\u1ed1i lo\u1ea1n n\u00e0y. B\u1edfi v\u00ec kh\u00f4ng...\t\t\t\t\t<\/p>\n\t\t\t\t\t                    \n\t\t\t\t\t\n\t\t\t\t\t\n\t\t\t\t\t<\/div>\n\t\t\t\t\t<\/div>\n\t\t\t\t\t\t\t\t\t<\/div>\n\t\t\t\t<\/a>\n\t\t\t<\/div>\n\t\t<\/div>\n<\/div>\n\t\t<\/div>\n\t\t\t\t\t<\/div>\n\n\t\n<\/div>\n\t\t<\/div>\n\n\t\t\n<style>\n#section_1999418564 {\n  padding-top: 30px;\n  padding-bottom: 30px;\n}\n<\/style>\n\t<\/section>\n\t\n","protected":false},"excerpt":{"rendered":"","protected":false},"author":1,"featured_media":0,"parent":0,"menu_order":0,"comment_status":"closed","ping_status":"closed","template":"page-blank.php","meta":{"footnotes":""},"class_list":["post-395","page","type-page","status-publish","hentry"],"yoast_head":"<!-- This site is optimized with the Yoast SEO plugin v19.14 - https:\/\/yoast.com\/wordpress\/plugins\/seo\/ -->\n<title>Xu\u1ea5t b\u1ea3n ph\u1ea9m - Trung t\u00e2m t\u01b0 v\u1ea5n ph\u00e1p lu\u1eadt \u2013 Vi\u1ec7n Nh\u00e0 n\u01b0\u1edbc v\u00e0 Ph\u00e1p lu\u1eadt<\/title>\n<meta name=\"robots\" content=\"index, follow, max-snippet:-1, max-image-preview:large, max-video-preview:-1\" \/>\n<link rel=\"canonical\" href=\"https:\/\/cela.org.vn\/vi\/xb-pham\/\" \/>\n<meta property=\"og:locale\" content=\"vi_VN\" \/>\n<meta property=\"og:type\" content=\"article\" \/>\n<meta property=\"og:title\" content=\"Xu\u1ea5t b\u1ea3n ph\u1ea9m - Trung t\u00e2m t\u01b0 v\u1ea5n ph\u00e1p lu\u1eadt \u2013 Vi\u1ec7n Nh\u00e0 n\u01b0\u1edbc v\u00e0 Ph\u00e1p lu\u1eadt\" \/>\n<meta property=\"og:url\" content=\"https:\/\/cela.org.vn\/vi\/xb-pham\/\" \/>\n<meta property=\"og:site_name\" content=\"Trung t\u00e2m t\u01b0 v\u1ea5n ph\u00e1p lu\u1eadt \u2013 Vi\u1ec7n Nh\u00e0 n\u01b0\u1edbc v\u00e0 Ph\u00e1p lu\u1eadt\" \/>\n<meta property=\"article:modified_time\" content=\"2021-08-02T10:54:27+00:00\" \/>\n<meta name=\"twitter:card\" content=\"summary_large_image\" \/>\n<script type=\"application\/ld+json\" class=\"yoast-schema-graph\">{\"@context\":\"https:\/\/schema.org\",\"@graph\":[{\"@type\":\"WebPage\",\"@id\":\"https:\/\/cela.org.vn\/xb-pham\/\",\"url\":\"https:\/\/cela.org.vn\/xb-pham\/\",\"name\":\"Xu\u1ea5t b\u1ea3n ph\u1ea9m - Trung t\u00e2m t\u01b0 v\u1ea5n ph\u00e1p lu\u1eadt \u2013 Vi\u1ec7n Nh\u00e0 n\u01b0\u1edbc v\u00e0 Ph\u00e1p lu\u1eadt\",\"isPartOf\":{\"@id\":\"https:\/\/cela.org.vn\/vi\/#website\"},\"datePublished\":\"2021-07-31T03:00:06+00:00\",\"dateModified\":\"2021-08-02T10:54:27+00:00\",\"breadcrumb\":{\"@id\":\"https:\/\/cela.org.vn\/xb-pham\/#breadcrumb\"},\"inLanguage\":\"vi\",\"potentialAction\":[{\"@type\":\"ReadAction\",\"target\":[\"https:\/\/cela.org.vn\/xb-pham\/\"]}]},{\"@type\":\"BreadcrumbList\",\"@id\":\"https:\/\/cela.org.vn\/xb-pham\/#breadcrumb\",\"itemListElement\":[{\"@type\":\"ListItem\",\"position\":1,\"name\":\"Trang ch\u1ee7\",\"item\":\"https:\/\/cela.org.vn\/\"},{\"@type\":\"ListItem\",\"position\":2,\"name\":\"Xu\u1ea5t b\u1ea3n ph\u1ea9m\"}]},{\"@type\":\"WebSite\",\"@id\":\"https:\/\/cela.org.vn\/vi\/#website\",\"url\":\"https:\/\/cela.org.vn\/vi\/\",\"name\":\"Trung t\u00e2m t\u01b0 v\u1ea5n ph\u00e1p lu\u1eadt \u2013 Vi\u1ec7n Nh\u00e0 n\u01b0\u1edbc v\u00e0 Ph\u00e1p lu\u1eadt\",\"description\":\"\",\"potentialAction\":[{\"@type\":\"SearchAction\",\"target\":{\"@type\":\"EntryPoint\",\"urlTemplate\":\"https:\/\/cela.org.vn\/vi\/?s={search_term_string}\"},\"query-input\":\"required name=search_term_string\"}],\"inLanguage\":\"vi\"}]}<\/script>\n<!-- \/ Yoast SEO plugin. -->","yoast_head_json":{"title":"Xu\u1ea5t b\u1ea3n ph\u1ea9m - Trung t\u00e2m t\u01b0 v\u1ea5n ph\u00e1p lu\u1eadt \u2013 Vi\u1ec7n Nh\u00e0 n\u01b0\u1edbc v\u00e0 Ph\u00e1p lu\u1eadt","robots":{"index":"index","follow":"follow","max-snippet":"max-snippet:-1","max-image-preview":"max-image-preview:large","max-video-preview":"max-video-preview:-1"},"canonical":"https:\/\/cela.org.vn\/vi\/xb-pham\/","og_locale":"vi_VN","og_type":"article","og_title":"Xu\u1ea5t b\u1ea3n ph\u1ea9m - Trung t\u00e2m t\u01b0 v\u1ea5n ph\u00e1p lu\u1eadt \u2013 Vi\u1ec7n Nh\u00e0 n\u01b0\u1edbc v\u00e0 Ph\u00e1p lu\u1eadt","og_url":"https:\/\/cela.org.vn\/vi\/xb-pham\/","og_site_name":"Trung t\u00e2m t\u01b0 v\u1ea5n ph\u00e1p lu\u1eadt \u2013 Vi\u1ec7n Nh\u00e0 n\u01b0\u1edbc v\u00e0 Ph\u00e1p lu\u1eadt","article_modified_time":"2021-08-02T10:54:27+00:00","twitter_card":"summary_large_image","schema":{"@context":"https:\/\/schema.org","@graph":[{"@type":"WebPage","@id":"https:\/\/cela.org.vn\/xb-pham\/","url":"https:\/\/cela.org.vn\/xb-pham\/","name":"Xu\u1ea5t b\u1ea3n ph\u1ea9m - Trung t\u00e2m t\u01b0 v\u1ea5n ph\u00e1p lu\u1eadt \u2013 Vi\u1ec7n Nh\u00e0 n\u01b0\u1edbc v\u00e0 Ph\u00e1p lu\u1eadt","isPartOf":{"@id":"https:\/\/cela.org.vn\/vi\/#website"},"datePublished":"2021-07-31T03:00:06+00:00","dateModified":"2021-08-02T10:54:27+00:00","breadcrumb":{"@id":"https:\/\/cela.org.vn\/xb-pham\/#breadcrumb"},"inLanguage":"vi","potentialAction":[{"@type":"ReadAction","target":["https:\/\/cela.org.vn\/xb-pham\/"]}]},{"@type":"BreadcrumbList","@id":"https:\/\/cela.org.vn\/xb-pham\/#breadcrumb","itemListElement":[{"@type":"ListItem","position":1,"name":"Trang ch\u1ee7","item":"https:\/\/cela.org.vn\/"},{"@type":"ListItem","position":2,"name":"Xu\u1ea5t b\u1ea3n ph\u1ea9m"}]},{"@type":"WebSite","@id":"https:\/\/cela.org.vn\/vi\/#website","url":"https:\/\/cela.org.vn\/vi\/","name":"Trung t\u00e2m t\u01b0 v\u1ea5n ph\u00e1p lu\u1eadt \u2013 Vi\u1ec7n Nh\u00e0 n\u01b0\u1edbc v\u00e0 Ph\u00e1p lu\u1eadt","description":"","potentialAction":[{"@type":"SearchAction","target":{"@type":"EntryPoint","urlTemplate":"https:\/\/cela.org.vn\/vi\/?s={search_term_string}"},"query-input":"required name=search_term_string"}],"inLanguage":"vi"}]}},"_links":{"self":[{"href":"https:\/\/cela.org.vn\/vi\/wp-json\/wp\/v2\/pages\/395","targetHints":{"allow":["GET"]}}],"collection":[{"href":"https:\/\/cela.org.vn\/vi\/wp-json\/wp\/v2\/pages"}],"about":[{"href":"https:\/\/cela.org.vn\/vi\/wp-json\/wp\/v2\/types\/page"}],"author":[{"embeddable":true,"href":"https:\/\/cela.org.vn\/vi\/wp-json\/wp\/v2\/users\/1"}],"replies":[{"embeddable":true,"href":"https:\/\/cela.org.vn\/vi\/wp-json\/wp\/v2\/comments?post=395"}],"version-history":[{"count":3,"href":"https:\/\/cela.org.vn\/vi\/wp-json\/wp\/v2\/pages\/395\/revisions"}],"predecessor-version":[{"id":457,"href":"https:\/\/cela.org.vn\/vi\/wp-json\/wp\/v2\/pages\/395\/revisions\/457"}],"wp:attachment":[{"href":"https:\/\/cela.org.vn\/vi\/wp-json\/wp\/v2\/media?parent=395"}],"curies":[{"name":"wp","href":"https:\/\/api.w.org\/{rel}","templated":true}]}}