{"id":365,"date":"2021-07-31T02:19:25","date_gmt":"2021-07-31T02:19:25","guid":{"rendered":"https:\/\/cela.org.vn\/?page_id=365"},"modified":"2021-07-31T02:48:48","modified_gmt":"2021-07-31T02:48:48","slug":"vb-phap-luat","status":"publish","type":"page","link":"https:\/\/cela.org.vn\/vi\/vb-phap-luat\/","title":{"rendered":"V\u0103n b\u1ea3n ph\u00e1p lu\u1eadt"},"content":{"rendered":"\n  <div class=\"banner has-hover\" id=\"banner-241444500\">\n          <div class=\"banner-inner fill\">\n        <div class=\"banner-bg fill\" >\n            <div class=\"bg fill bg-fill \"><\/div>\n                                    \n                    <\/div>\n        <div class=\"banner-layers container\">\n            <div class=\"fill banner-link\"><\/div>            \n   <div id=\"text-box-1290753282\" class=\"text-box banner-layer x50 md-x50 lg-x50 y50 md-y50 lg-y50 res-text\">\n                                <div class=\"text-box-content text dark\">\n              \n              <div class=\"text-inner text-center\">\n                  \n              <\/div>\n           <\/div>\n                            \n<style>\n#text-box-1290753282 {\n  width: 60%;\n}\n#text-box-1290753282 .text-box-content {\n  font-size: 100%;\n}\n<\/style>\n    <\/div>\n \n        <\/div>\n      <\/div>\n\n            \n<style>\n#banner-241444500 {\n  padding-top: 300px;\n}\n#banner-241444500 .bg.bg-loaded {\n  background-image: url(https:\/\/cela.org.vn\/wp-content\/uploads\/2021\/07\/banner.jpg);\n}\n<\/style>\n  <\/div>\n\n\n\t<section class=\"section\" id=\"section_659310066\">\n\t\t<div class=\"bg section-bg fill bg-fill  bg-loaded\" >\n\n\t\t\t\n\t\t\t\n\t\t\t\n\n\t\t<\/div>\n\n\t\t<div class=\"section-content relative\">\n\t\t\t\n<div class=\"row\"  id=\"row-1160650286\">\n\n\t<div id=\"col-145605992\" class=\"col small-12 large-12\"  >\n\t\t\t\t<div class=\"col-inner\"  >\n\t\t\t\n\t\t\t\n<div class=\"container section-title-container title-t-1\" ><h1 class=\"section-title section-title-center\"><b><\/b><span class=\"section-title-main\" >V\u0102n b\u1ea3n ph\u00e1p lu\u1eadt<\/span><b><\/b><\/h1><\/div>\n\t<div id=\"text-716655886\" class=\"text table-t-1\">\n\t\t\n<table>\n<tr>\n<th>STT<\/th>\n<th>T\u00caN V\u0102N B\u1ea2N<\/th>\n<th>NG\u00c0Y BAN H\u00c0NH<\/th>\n<th>LO\u1ea0I V\u0102N B\u1ea2N<\/th>\n<\/tr>\n<tr>\n<td>1<\/td>\n<td><a href=\"https:\/\/cela.org.vn\/wp-content\/uploads\/2021\/07\/1.-NGHI-DINH-VE-TU-VAN-PHAP-LUAT-DO-BO-TU-PHAP-BAN-HANH.doc\" download>Ngh\u1ecb \u0111\u1ecbnh 77\/2008\/N\u0110-CP v\u1ec1 vi\u1ec7c t\u01b0 v\u1ea5n ph\u00e1p lu\u1eadt<\/a><\/td>\n<td>16\/07\/2008<\/td>\n<td>Ngh\u1ecb \u0111\u1ecbnh<\/td>\n<\/tr>\n<tr>\n<td>2<\/td>\n<td><a href=\"https:\/\/cela.org.vn\/wp-content\/uploads\/2021\/07\/2.-Van-ban-hop-nhat.doc\" download>V\u0103n b\u1ea3n h\u1ee3p nh\u1ea5t 8014\/VBHN-BTP n\u0103m 2013 h\u1ee3p nh\u1ea5t Ngh\u1ecb \u0111\u1ecbnh v\u1ec1 t\u01b0 v\u1ea5n ph\u00e1p lu\u1eadt do B\u1ed9 T\u01b0 ph\u00e1p ban h\u00e0nh<\/a><\/td>\n<td>10\/12\/2013<\/td>\n<td>Ngh\u1ecb \u0111\u1ecbnh<\/td>\n<\/tr>\n<tr>\n<td>3<\/td>\n<td><a href=\"https:\/\/cela.org.vn\/wp-content\/uploads\/2021\/07\/3.-Thong-tu-01.2012.TT-BTP-huong-dan-nghi-dinh-77.doc\" download>Th\u00f4ng t\u01b0 01\/2010\/TT-BTP h\u01b0\u1edbng d\u1eabn Ngh\u1ecb \u0111\u1ecbnh 77\/2008\/N\u0110-CP v\u1ec1 t\u01b0 v\u1ea5n ph\u00e1p lu\u1eadt<\/a><\/td>\n<td>09\/02\/2010<\/td>\n<td>Th\u00f4ng t\u01b0<\/td>\n<\/tr>\n<tr>\n<td>4<\/td>\n<td><a href=\"https:\/\/cela.org.vn\/wp-content\/uploads\/2021\/07\/4.-luat-tro-giup-phap-ly-2017.doc\" download>Lu\u1eadt Tr\u1ee3 gi\u00fap ph\u00e1p l\u00fd 2017<\/a><\/td>\n<td>20\/06\/2017<\/td>\n<td>Lu\u1eadt<\/td>\n<\/tr>\n<tr>\n<td>5<\/td>\n<td><a href=\"https:\/\/cela.org.vn\/wp-content\/uploads\/2021\/07\/5.-Nghi-dinh-144_2017_ND-CP-huong-dan-luat-tro-giup-phap-ly.doc\" download>Ngh\u1ecb \u0111\u1ecbnh 144\/2017\/N\u0110-CP v\u1ec1 h\u01b0\u1edbng d\u1eabn Lu\u1eadt Tr\u1ee3 gi\u00fap ph\u00e1p l\u00fd<\/a><\/td>\n<td>15\/12\/2017<\/td>\n<td>Ngh\u1ecb \u0111\u1ecbnh<\/td>\n<\/tr>\n<tr>\n<td>6<\/td>\n<td><a href=\"https:\/\/cela.org.vn\/wp-content\/uploads\/2021\/07\/6.-luat-nguoi-khuyet-tat.doc\" download>Lu\u1eadt Ng\u01b0\u1eddi khuy\u1ebft t\u1eadt 2010<\/a><\/td>\n<td>&#8230;<\/td>\n<td>Lu\u1eadt<\/td>\n<\/tr>\n<tr>\n<td>7<\/td>\n<td><a href=\"https:\/\/cela.org.vn\/wp-content\/uploads\/2021\/07\/7.-Nghi-dinh-so-28.2012.ND-CP-quy-dinh-chi-tiet-va-huong-dan-thi-hanh-mot-so-dieu-cua-Luat-Nguoi-khuyet-tat.doc\" download>Ngh\u1ecb \u0111\u1ecbnh s\u1ed1 28\/2012\/N\u0110-CP quy \u0111\u1ecbnh chi ti\u1ebft v\u00e0 h\u01b0\u1edbng d\u1eabn thi h\u00e0nh m\u1ed9t s\u1ed1 \u0111i\u1ec1u c\u1ee7a Lu\u1eadt Ng\u01b0\u1eddi khuy\u1ebft t\u1eadt<\/a><\/td>\n<td>10\/04\/2012 <\/td>\n<td>Ngh\u1ecb \u0111\u1ecbnh<\/td>\n<\/tr>\n<tr>\n<td>8<\/td>\n<td><a href=\"https:\/\/cela.org.vn\/wp-content\/uploads\/2021\/07\/8.-Thong-tu-lien-tich-34_2012_TTLT-BYT-BLDTBXH_170349.doc\" download>Th\u00f4ng t\u01b0 li\u00ean t\u1ecbch s\u1ed1 34\/2012\/TTLT-BYT-BL\u0110TBXH Quy \u0111\u1ecbnh chi ti\u1ebft v\u1ec1 vi\u1ec7c x\u00e1c \u0111\u1ecbnh m\u1ee9c \u0111\u1ed9 khuy\u1ebft t\u1eadt do H\u1ed9i \u0111\u1ed3ng gi\u00e1m \u0111\u1ecbnh y khoa th\u1ef1c hi\u1ec7n<\/a><\/td>\n<td>28\/12\/2012<\/td>\n<td>Th\u00f4ng t\u01b0 li\u00ean t\u1ecbch<\/td>\n<\/tr>\n<tr>\n<td>9<\/td>\n<td><a href=\"https:\/\/cela.org.vn\/wp-content\/uploads\/2021\/07\/9.-Thong-tu-52_2016_TT-BYT_341256.doc\" download>Th\u00f4ng t\u01b0 s\u1ed1 52\/2016\/TT-BYT quy \u0111\u1ecbnh v\u1ec1 nhi\u1ec7m v\u1ee5 quy\u1ec1n h\u1ea1n, m\u1ed1i quan h\u1ec7 c\u1ed9ng t\u00e1c v\u00e0 ho\u1ea1t \u0111\u1ed9ng c\u1ee7a H\u1ed9i \u0111\u1ed3ng gi\u00e1m \u0111\u1ecbnh y khoa c\u00e1c c\u1ea5p<\/a><\/td>\n<td>30\/12\/2016<\/td>\n<td>Th\u00f4ng t\u01b0<\/td>\n<\/tr>\n<tr>\n<td>10<\/td>\n<td><a href=\"https:\/\/cela.org.vn\/wp-content\/uploads\/2021\/07\/10.-Thong-tu-01_2019_TT-BLDTBXH_325488-ve-xac-dinh-muc-do-khuyet-tat.doc\" download>Th\u00f4ng t\u01b0 s\u1ed1 01\/2019\/TT-BL\u0110TBXH quy \u0111\u1ecbnh v\u1ec1 vi\u1ec7c x\u00e1c \u0111\u1ecbnh m\u1ee9c \u0111\u1ed9 khuy\u1ebft t\u1eadt do H\u1ed9i \u0111\u1ed3ng x\u00e1c \u0111\u1ecbnh m\u1ee9c \u0111\u1ed9 khuy\u1ebft t\u1eadt th\u1ef1c hi\u1ec7n<\/a><\/td>\n<td>02\/01\/2019<\/td>\n<td>Th\u00f4ng t\u01b0<\/td>\n<\/tr>\n<tr>\n<td>11<\/td>\n<td><a href=\"https:\/\/cela.org.vn\/wp-content\/uploads\/2021\/07\/11.-Quyet-dinh-596_QD-LDTBXH_413319.doc\" download>Quy\u1ebft \u0111\u1ecbnh s\u1ed1 596\/Q\u0110-L\u0110TBXH v\u1ec1 c\u00f4ng b\u1ed1 th\u1ee7 t\u1ee5c h\u00e0nh ch\u00ednh s\u1eeda \u0111\u1ed5i l\u0129nh v\u1ef1c b\u1ea3o tr\u1ee3 x\u00e3 h\u1ed9i,  thu\u1ed9c ph\u1ea1m vi ch\u1ee9c n\u0103ng qu\u1ea3n l\u00fd nh\u00e0 n\u01b0\u1edbc c\u1ee7a B\u1ed9 Lao \u0111\u1ed9ng \u2013 TB&#038;XH<\/a><\/td>\n<td>25\/04\/ 2019 <\/td>\n<td>Quy\u1ebft \u0111\u1ecbnh <\/td>\n<\/tr>\n<\/table>\n\t\t\t<\/div>\n\t\n\t\t<\/div>\n\t\t\t\t\t<\/div>\n\n\t\n<\/div>\n\t\t<\/div>\n\n\t\t\n<style>\n#section_659310066 {\n  padding-top: 30px;\n  padding-bottom: 30px;\n}\n<\/style>\n\t<\/section>\n\t\n","protected":false},"excerpt":{"rendered":"","protected":false},"author":1,"featured_media":0,"parent":0,"menu_order":0,"comment_status":"closed","ping_status":"closed","template":"page-blank.php","meta":{"footnotes":""},"class_list":["post-365","page","type-page","status-publish","hentry"],"yoast_head":"<!-- This site is optimized with the Yoast SEO plugin v19.14 - https:\/\/yoast.com\/wordpress\/plugins\/seo\/ -->\n<title>V\u0103n b\u1ea3n ph\u00e1p lu\u1eadt - Trung t\u00e2m t\u01b0 v\u1ea5n ph\u00e1p lu\u1eadt \u2013 Vi\u1ec7n Nh\u00e0 n\u01b0\u1edbc v\u00e0 Ph\u00e1p lu\u1eadt<\/title>\n<meta name=\"robots\" content=\"index, follow, max-snippet:-1, max-image-preview:large, max-video-preview:-1\" \/>\n<link rel=\"canonical\" href=\"https:\/\/cela.org.vn\/vi\/vb-phap-luat\/\" \/>\n<meta property=\"og:locale\" content=\"vi_VN\" \/>\n<meta property=\"og:type\" content=\"article\" \/>\n<meta property=\"og:title\" content=\"V\u0103n b\u1ea3n ph\u00e1p lu\u1eadt - Trung t\u00e2m t\u01b0 v\u1ea5n ph\u00e1p lu\u1eadt \u2013 Vi\u1ec7n Nh\u00e0 n\u01b0\u1edbc v\u00e0 Ph\u00e1p lu\u1eadt\" \/>\n<meta property=\"og:url\" content=\"https:\/\/cela.org.vn\/vi\/vb-phap-luat\/\" \/>\n<meta property=\"og:site_name\" content=\"Trung t\u00e2m t\u01b0 v\u1ea5n ph\u00e1p lu\u1eadt \u2013 Vi\u1ec7n Nh\u00e0 n\u01b0\u1edbc v\u00e0 Ph\u00e1p lu\u1eadt\" \/>\n<meta property=\"article:modified_time\" content=\"2021-07-31T02:48:48+00:00\" \/>\n<meta name=\"twitter:card\" content=\"summary_large_image\" \/>\n<meta name=\"twitter:label1\" content=\"\u01af\u1edbc t\u00ednh th\u1eddi gian \u0111\u1ecdc\" \/>\n\t<meta name=\"twitter:data1\" content=\"2 ph\u00fat\" \/>\n<script type=\"application\/ld+json\" class=\"yoast-schema-graph\">{\"@context\":\"https:\/\/schema.org\",\"@graph\":[{\"@type\":\"WebPage\",\"@id\":\"https:\/\/cela.org.vn\/vb-phap-luat\/\",\"url\":\"https:\/\/cela.org.vn\/vb-phap-luat\/\",\"name\":\"V\u0103n b\u1ea3n ph\u00e1p lu\u1eadt - Trung t\u00e2m t\u01b0 v\u1ea5n ph\u00e1p lu\u1eadt \u2013 Vi\u1ec7n Nh\u00e0 n\u01b0\u1edbc v\u00e0 Ph\u00e1p lu\u1eadt\",\"isPartOf\":{\"@id\":\"https:\/\/cela.org.vn\/vi\/#website\"},\"datePublished\":\"2021-07-31T02:19:25+00:00\",\"dateModified\":\"2021-07-31T02:48:48+00:00\",\"breadcrumb\":{\"@id\":\"https:\/\/cela.org.vn\/vb-phap-luat\/#breadcrumb\"},\"inLanguage\":\"vi\",\"potentialAction\":[{\"@type\":\"ReadAction\",\"target\":[\"https:\/\/cela.org.vn\/vb-phap-luat\/\"]}]},{\"@type\":\"BreadcrumbList\",\"@id\":\"https:\/\/cela.org.vn\/vb-phap-luat\/#breadcrumb\",\"itemListElement\":[{\"@type\":\"ListItem\",\"position\":1,\"name\":\"Trang ch\u1ee7\",\"item\":\"https:\/\/cela.org.vn\/\"},{\"@type\":\"ListItem\",\"position\":2,\"name\":\"V\u0103n b\u1ea3n ph\u00e1p lu\u1eadt\"}]},{\"@type\":\"WebSite\",\"@id\":\"https:\/\/cela.org.vn\/vi\/#website\",\"url\":\"https:\/\/cela.org.vn\/vi\/\",\"name\":\"Trung t\u00e2m t\u01b0 v\u1ea5n ph\u00e1p lu\u1eadt \u2013 Vi\u1ec7n Nh\u00e0 n\u01b0\u1edbc v\u00e0 Ph\u00e1p lu\u1eadt\",\"description\":\"\",\"potentialAction\":[{\"@type\":\"SearchAction\",\"target\":{\"@type\":\"EntryPoint\",\"urlTemplate\":\"https:\/\/cela.org.vn\/vi\/?s={search_term_string}\"},\"query-input\":\"required name=search_term_string\"}],\"inLanguage\":\"vi\"}]}<\/script>\n<!-- \/ Yoast SEO plugin. -->","yoast_head_json":{"title":"V\u0103n b\u1ea3n ph\u00e1p lu\u1eadt - Trung t\u00e2m t\u01b0 v\u1ea5n ph\u00e1p lu\u1eadt \u2013 Vi\u1ec7n Nh\u00e0 n\u01b0\u1edbc v\u00e0 Ph\u00e1p lu\u1eadt","robots":{"index":"index","follow":"follow","max-snippet":"max-snippet:-1","max-image-preview":"max-image-preview:large","max-video-preview":"max-video-preview:-1"},"canonical":"https:\/\/cela.org.vn\/vi\/vb-phap-luat\/","og_locale":"vi_VN","og_type":"article","og_title":"V\u0103n b\u1ea3n ph\u00e1p lu\u1eadt - Trung t\u00e2m t\u01b0 v\u1ea5n ph\u00e1p lu\u1eadt \u2013 Vi\u1ec7n Nh\u00e0 n\u01b0\u1edbc v\u00e0 Ph\u00e1p lu\u1eadt","og_url":"https:\/\/cela.org.vn\/vi\/vb-phap-luat\/","og_site_name":"Trung t\u00e2m t\u01b0 v\u1ea5n ph\u00e1p lu\u1eadt \u2013 Vi\u1ec7n Nh\u00e0 n\u01b0\u1edbc v\u00e0 Ph\u00e1p lu\u1eadt","article_modified_time":"2021-07-31T02:48:48+00:00","twitter_card":"summary_large_image","twitter_misc":{"\u01af\u1edbc t\u00ednh th\u1eddi gian \u0111\u1ecdc":"2 ph\u00fat"},"schema":{"@context":"https:\/\/schema.org","@graph":[{"@type":"WebPage","@id":"https:\/\/cela.org.vn\/vb-phap-luat\/","url":"https:\/\/cela.org.vn\/vb-phap-luat\/","name":"V\u0103n b\u1ea3n ph\u00e1p lu\u1eadt - Trung t\u00e2m t\u01b0 v\u1ea5n ph\u00e1p lu\u1eadt \u2013 Vi\u1ec7n Nh\u00e0 n\u01b0\u1edbc v\u00e0 Ph\u00e1p lu\u1eadt","isPartOf":{"@id":"https:\/\/cela.org.vn\/vi\/#website"},"datePublished":"2021-07-31T02:19:25+00:00","dateModified":"2021-07-31T02:48:48+00:00","breadcrumb":{"@id":"https:\/\/cela.org.vn\/vb-phap-luat\/#breadcrumb"},"inLanguage":"vi","potentialAction":[{"@type":"ReadAction","target":["https:\/\/cela.org.vn\/vb-phap-luat\/"]}]},{"@type":"BreadcrumbList","@id":"https:\/\/cela.org.vn\/vb-phap-luat\/#breadcrumb","itemListElement":[{"@type":"ListItem","position":1,"name":"Trang ch\u1ee7","item":"https:\/\/cela.org.vn\/"},{"@type":"ListItem","position":2,"name":"V\u0103n b\u1ea3n ph\u00e1p lu\u1eadt"}]},{"@type":"WebSite","@id":"https:\/\/cela.org.vn\/vi\/#website","url":"https:\/\/cela.org.vn\/vi\/","name":"Trung t\u00e2m t\u01b0 v\u1ea5n ph\u00e1p lu\u1eadt \u2013 Vi\u1ec7n Nh\u00e0 n\u01b0\u1edbc v\u00e0 Ph\u00e1p lu\u1eadt","description":"","potentialAction":[{"@type":"SearchAction","target":{"@type":"EntryPoint","urlTemplate":"https:\/\/cela.org.vn\/vi\/?s={search_term_string}"},"query-input":"required name=search_term_string"}],"inLanguage":"vi"}]}},"_links":{"self":[{"href":"https:\/\/cela.org.vn\/vi\/wp-json\/wp\/v2\/pages\/365","targetHints":{"allow":["GET"]}}],"collection":[{"href":"https:\/\/cela.org.vn\/vi\/wp-json\/wp\/v2\/pages"}],"about":[{"href":"https:\/\/cela.org.vn\/vi\/wp-json\/wp\/v2\/types\/page"}],"author":[{"embeddable":true,"href":"https:\/\/cela.org.vn\/vi\/wp-json\/wp\/v2\/users\/1"}],"replies":[{"embeddable":true,"href":"https:\/\/cela.org.vn\/vi\/wp-json\/wp\/v2\/comments?post=365"}],"version-history":[{"count":5,"href":"https:\/\/cela.org.vn\/vi\/wp-json\/wp\/v2\/pages\/365\/revisions"}],"predecessor-version":[{"id":392,"href":"https:\/\/cela.org.vn\/vi\/wp-json\/wp\/v2\/pages\/365\/revisions\/392"}],"wp:attachment":[{"href":"https:\/\/cela.org.vn\/vi\/wp-json\/wp\/v2\/media?parent=365"}],"curies":[{"name":"wp","href":"https:\/\/api.w.org\/{rel}","templated":true}]}}