{"id":266,"date":"2021-07-29T10:42:17","date_gmt":"2021-07-29T10:42:17","guid":{"rendered":"https:\/\/cela.org.vn\/?page_id=266"},"modified":"2021-08-02T03:20:51","modified_gmt":"2021-08-02T03:20:51","slug":"phap-luat","status":"publish","type":"page","link":"https:\/\/cela.org.vn\/vi\/phap-luat\/","title":{"rendered":"Ph\u00e1p lu\u1eadt"},"content":{"rendered":"\n  <div class=\"banner has-hover\" id=\"banner-1686094211\">\n          <div class=\"banner-inner fill\">\n        <div class=\"banner-bg fill\" >\n            <div class=\"bg fill bg-fill \"><\/div>\n                                    \n                    <\/div>\n        <div class=\"banner-layers container\">\n            <div class=\"fill banner-link\"><\/div>            \n   <div id=\"text-box-1007470762\" class=\"text-box banner-layer x50 md-x50 lg-x50 y50 md-y50 lg-y50 res-text\">\n                                <div class=\"text-box-content text dark\">\n              \n              <div class=\"text-inner text-center\">\n                  \n              <\/div>\n           <\/div>\n                            \n<style>\n#text-box-1007470762 {\n  width: 60%;\n}\n#text-box-1007470762 .text-box-content {\n  font-size: 100%;\n}\n<\/style>\n    <\/div>\n \n        <\/div>\n      <\/div>\n\n            \n<style>\n#banner-1686094211 {\n  padding-top: 75%;\n}\n#banner-1686094211 .bg.bg-loaded {\n  background-image: url(https:\/\/cela.org.vn\/wp-content\/uploads\/2021\/07\/banner.jpg);\n}\n@media (min-width:550px) {\n  #banner-1686094211 {\n    padding-top: 500px;\n  }\n}\n<\/style>\n  <\/div>\n\n\n<div class=\"row\"  id=\"row-1423854294\">\n\n\t<div id=\"col-1373956044\" class=\"col small-12 large-12\"  >\n\t\t\t\t<div class=\"col-inner box-shadow-2\"  >\n\t\t\t\n\t\t\t\n<div class=\"container section-title-container title-t-1\" ><h1 class=\"section-title section-title-center\"><b><\/b><span class=\"section-title-main\" >T\u01af V\u1ea4N PH\u00c1P LU\u1eacT<\/span><b><\/b><\/h1><\/div>\n<p><span style=\"color: #000000;\">Hi\u1ec7n nay, CELA cung c\u1ea5p c\u00e1c d\u1ecbch v\u1ee5 li\u00ean quan \u0111\u1ebfn t\u01b0 v\u1ea5n ph\u00e1p lu\u1eadt nh\u01b0 sau:<\/span><\/p>\n<p><span style=\"color: #000000;\">&#8211; H\u01b0\u1edbng d\u1eabn, gi\u1ea3i \u0111\u00e1p ph\u00e1p lu\u1eadt;<\/span><\/p>\n<p><span style=\"color: #000000;\">&#8211; So\u1ea1n th\u1ea3o \u0111\u01a1n, h\u1ee3p \u0111\u1ed3ng, di ch\u00fac v\u00e0 c\u00e1c gi\u1ea5y t\u1edd kh\u00e1c;<\/span><\/p>\n<p><span style=\"color: #000000;\">&#8211; Cung c\u1ea5p v\u0103n b\u1ea3n ph\u00e1p lu\u1eadt, th\u00f4ng tin ph\u00e1p lu\u1eadt v\u00e0 \u0111\u00e0o t\u1ea1o khoa h\u1ecdc ph\u00e1p l\u00fd;<\/span><\/p>\n<p><span style=\"color: #000000;\">&#8211; C\u1eed lu\u1eadt s\u01b0 tham gia t\u1ed1 t\u1ee5ng \u0111\u1ec3 b\u00e0o ch\u1eefa, \u0111\u1ea1i di\u1ec7n, b\u1ea3o v\u1ec1 quy\u1ec1n, l\u1ee3i \u00edch h\u1ee3p ph\u00e1p c\u1ee7a c\u00e1 nh\u00e2n, t\u1ed5 ch\u1ee9c; \u0111\u1ea1i di\u1ec7n ngo\u00e0i t\u1ed1 t\u1ee5ng cho ng\u01b0\u1eddi \u0111\u01b0\u1ee3c t\u01b0 v\u1ea5n ph\u00e1p lu\u1eadt \u0111\u1ec3 th\u1ef1c hi\u1ec7n c\u00e1c c\u00f4ng vi\u1ec7c c\u00f3 li\u00ean quan \u0111\u1ebfn ph\u00e1p lu\u1eadt, tr\u1eeb tr\u01b0\u1eddng h\u1ee3p ph\u00e1p lu\u1eadt c\u00f3 qui \u0111\u1ecbnh kh\u00e1c;<\/span><\/p>\n<p><span style=\"color: #000000;\">&#8211; T\u01b0 v\u1ea5n v\u00e0 cung c\u1ea5p \u00fd ki\u1ebfn ph\u00e1p l\u00fd<\/span><\/p>\n<p><span style=\"color: #000000;\">C\u00e1c th\u00f4ng tin ph\u00e1p lu\u1eadt \u0111\u01b0\u1ee3c CELA cung c\u1ea5p kh\u00f4ng ch\u1ec9 d\u1eebng l\u1ea1i l\u00e0 c\u00e1c v\u0103n b\u1ea3n ph\u00e1p lu\u1eadt m\u00e0 c\u00f2n l\u00e0 ki\u1ebfn th\u1ee9c ph\u00e1p lu\u1eadt c\u01a1 b\u1ea3n c\u0169ng nh\u01b0 ki\u1ebfn th\u1ee9c nghi\u00ean c\u1ee9u chuy\u00ean ng\u00e0nh. H\u00e0ng n\u0103m, CELA t\u1ed5 ch\u1ee9c c\u00e1c kh\u00f3a t\u1eadp hu\u1ea5n ki\u1ebfn th\u1ee9c ph\u00e1p lu\u1eadt cho c\u00e1c t\u1ed5 ch\u1ee9c, doanh nghi\u1ec7p v\u00e0 ng\u01b0\u1eddi d\u00e2n c\u00f3 nhu c\u1ea7u.<\/span><\/p>\n\n  \n    <div class=\"row large-columns-3 medium-columns-1 small-columns-1 has-shadow row-box-shadow-1\">\n  \t\t<div class=\"col post-item\" >\n\t\t\t<div class=\"col-inner\">\n\t\t\t<a href=\"https:\/\/cela.org.vn\/vi\/bat-cap-trong-cap-giay-chung-nhan-quyen-su-dung-dat-quyen-so-huu-nha.html\/\" class=\"plain\">\n\t\t\t\t<div class=\"box box-normal box-text-bottom box-blog-post has-hover\">\n            \t\t\t\t\t<div class=\"box-image\" >\n  \t\t\t\t\t\t<div class=\"image-zoom image-cover\" style=\"padding-top:56.25%;\">\n  \t\t\t\t\t\t\t<img loading=\"lazy\" decoding=\"async\" width=\"1300\" height=\"722\" src=\"https:\/\/cela.org.vn\/wp-content\/uploads\/2021\/07\/giay-chung-nhan-quyen-su-dung-dat-ms.jpg\" class=\"attachment-original size-original wp-post-image\" alt=\"\" srcset=\"https:\/\/cela.org.vn\/wp-content\/uploads\/2021\/07\/giay-chung-nhan-quyen-su-dung-dat-ms.jpg 1300w, https:\/\/cela.org.vn\/wp-content\/uploads\/2021\/07\/giay-chung-nhan-quyen-su-dung-dat-ms-300x167.jpg 300w, https:\/\/cela.org.vn\/wp-content\/uploads\/2021\/07\/giay-chung-nhan-quyen-su-dung-dat-ms-1024x569.jpg 1024w, https:\/\/cela.org.vn\/wp-content\/uploads\/2021\/07\/giay-chung-nhan-quyen-su-dung-dat-ms-768x427.jpg 768w\" sizes=\"auto, (max-width: 1300px) 100vw, 1300px\" \/>  \t\t\t\t\t\t\t  \t\t\t\t\t\t\t  \t\t\t\t\t\t<\/div>\n  \t\t\t\t\t\t  \t\t\t\t\t<\/div>\n          \t\t\t\t\t<div class=\"box-text text-left\" >\n\t\t\t\t\t<div class=\"box-text-inner blog-post-inner\">\n\n\t\t\t\t\t\n\t\t\t\t\t\t\t\t\t\t<h5 class=\"post-title is-large \">B\u1ea5t c\u1eadp trong c\u1ea5p gi\u1ea5y ch\u1ee9ng nh\u1eadn quy\u1ec1n s\u1eed d\u1ee5ng \u0111\u1ea5t, quy\u1ec1n s\u1edf h\u1eefu nh\u00e0<\/h5>\n\t\t\t\t\t<div class=\"post-meta is-small op-8\">29 Th\u00e1ng 7, 2021<\/div>\t\t\t\t\t<div class=\"is-divider\"><\/div>\n\t\t\t\t\t\t\t\t\t\t<p class=\"from_the_blog_excerpt \">https:\/\/vtv.vn\/video\/hop-thu-truyen-hinh-bat-cap-trong-cap-giay-chung-nhan-quyen-su-dung-dat-quyen-so-huu-nha-471832.htm?fbclid=IwAR2QMXEVSidiToIp8b_DDgYlZsc9NSrZJgyvjn39uaP_FXMCo4JijWmUP8s...\t\t\t\t\t<\/p>\n\t\t\t\t\t                    \n\t\t\t\t\t\n\t\t\t\t\t\n\t\t\t\t\t<\/div>\n\t\t\t\t\t<\/div>\n\t\t\t\t\t\t\t\t\t<\/div>\n\t\t\t\t<\/a>\n\t\t\t<\/div>\n\t\t<\/div>\n\t\t<div class=\"col post-item\" >\n\t\t\t<div class=\"col-inner\">\n\t\t\t<a href=\"https:\/\/cela.org.vn\/vi\/nhung-diem-moi-cua-luat-bao-ve-moi-truong-va-van-de-xu-ly-rac-thai.html\/\" class=\"plain\">\n\t\t\t\t<div class=\"box box-normal box-text-bottom box-blog-post has-hover\">\n            \t\t\t\t\t<div class=\"box-image\" >\n  \t\t\t\t\t\t<div class=\"image-zoom image-cover\" style=\"padding-top:56.25%;\">\n  \t\t\t\t\t\t\t<img loading=\"lazy\" decoding=\"async\" width=\"800\" height=\"511\" src=\"https:\/\/cela.org.vn\/wp-content\/uploads\/2021\/07\/mot-so-diem-moi-cua-luat-bao-ve-moi-truong-nam-2020-21-.9128.jpg\" class=\"attachment-original size-original wp-post-image\" alt=\"\" srcset=\"https:\/\/cela.org.vn\/wp-content\/uploads\/2021\/07\/mot-so-diem-moi-cua-luat-bao-ve-moi-truong-nam-2020-21-.9128.jpg 800w, https:\/\/cela.org.vn\/wp-content\/uploads\/2021\/07\/mot-so-diem-moi-cua-luat-bao-ve-moi-truong-nam-2020-21-.9128-300x192.jpg 300w, https:\/\/cela.org.vn\/wp-content\/uploads\/2021\/07\/mot-so-diem-moi-cua-luat-bao-ve-moi-truong-nam-2020-21-.9128-768x491.jpg 768w\" sizes=\"auto, (max-width: 800px) 100vw, 800px\" \/>  \t\t\t\t\t\t\t  \t\t\t\t\t\t\t  \t\t\t\t\t\t<\/div>\n  \t\t\t\t\t\t  \t\t\t\t\t<\/div>\n          \t\t\t\t\t<div class=\"box-text text-left\" >\n\t\t\t\t\t<div class=\"box-text-inner blog-post-inner\">\n\n\t\t\t\t\t\n\t\t\t\t\t\t\t\t\t\t<h5 class=\"post-title is-large \">Nh\u1eefng \u0111i\u1ec3m m\u1edbi c\u1ee7a Lu\u1eadt B\u1ea3o v\u1ec7 m\u00f4i tr\u01b0\u1eddng v\u00e0 v\u1ea5n \u0111\u1ec1 x\u1eed l\u00fd r\u00e1c th\u1ea3i<\/h5>\n\t\t\t\t\t<div class=\"post-meta is-small op-8\">29 Th\u00e1ng 7, 2021<\/div>\t\t\t\t\t<div class=\"is-divider\"><\/div>\n\t\t\t\t\t\t\t\t\t\t<p class=\"from_the_blog_excerpt \">https:\/\/vtv.vn\/video\/hop-thu-truyen-hinh-nhung-diem-moi-cua-luat-bao-ve-moi-truong-va-van-de-xu-ly-rac-thai-482587.htm?fbclid=IwAR2tiu7k-wBICcEo0PVZWtW_zG2nckPU_0EWdPFfC4q14f9Hmw-a_PwAI2c...\t\t\t\t\t<\/p>\n\t\t\t\t\t                    \n\t\t\t\t\t\n\t\t\t\t\t\n\t\t\t\t\t<\/div>\n\t\t\t\t\t<\/div>\n\t\t\t\t\t\t\t\t\t<\/div>\n\t\t\t\t<\/a>\n\t\t\t<\/div>\n\t\t<\/div>\n\t\t<div class=\"col post-item\" >\n\t\t\t<div class=\"col-inner\">\n\t\t\t<a href=\"https:\/\/cela.org.vn\/vi\/mot-so-van-de-ve-hop-dong-lao-dong-trong-bo-luat-lao-dong-2019.html\/\" class=\"plain\">\n\t\t\t\t<div class=\"box box-normal box-text-bottom box-blog-post has-hover\">\n            \t\t\t\t\t<div class=\"box-image\" >\n  \t\t\t\t\t\t<div class=\"image-zoom image-cover\" style=\"padding-top:56.25%;\">\n  \t\t\t\t\t\t\t<img loading=\"lazy\" decoding=\"async\" width=\"512\" height=\"288\" src=\"https:\/\/cela.org.vn\/wp-content\/uploads\/2021\/07\/unnamed.jpg\" class=\"attachment-original size-original wp-post-image\" alt=\"\" srcset=\"https:\/\/cela.org.vn\/wp-content\/uploads\/2021\/07\/unnamed.jpg 512w, https:\/\/cela.org.vn\/wp-content\/uploads\/2021\/07\/unnamed-300x169.jpg 300w\" sizes=\"auto, (max-width: 512px) 100vw, 512px\" \/>  \t\t\t\t\t\t\t  \t\t\t\t\t\t\t  \t\t\t\t\t\t<\/div>\n  \t\t\t\t\t\t  \t\t\t\t\t<\/div>\n          \t\t\t\t\t<div class=\"box-text text-left\" >\n\t\t\t\t\t<div class=\"box-text-inner blog-post-inner\">\n\n\t\t\t\t\t\n\t\t\t\t\t\t\t\t\t\t<h5 class=\"post-title is-large \">M\u1ed9t s\u1ed1 v\u1ea5n \u0111\u1ec1 v\u1ec1 H\u1ee3p \u0111\u1ed3ng lao \u0111\u1ed9ng trong B\u1ed9 lu\u1eadt Lao \u0111\u1ed9ng 2019<\/h5>\n\t\t\t\t\t<div class=\"post-meta is-small op-8\">29 Th\u00e1ng 7, 2021<\/div>\t\t\t\t\t<div class=\"is-divider\"><\/div>\n\t\t\t\t\t\t\t\t\t\t<p class=\"from_the_blog_excerpt \">https:\/\/vtv.vn\/video\/hop-thu-truyen-hinh-mot-so-van-de-ve-hop-dong-lao-dong-trong-bo-luat-lao-dong-2019-493305.htm?fbclid=IwAR35TiDJICflW76CqzCJlFxGbH420YyrEJhiwLM-ivZgXxczVqPoiO14evY...\t\t\t\t\t<\/p>\n\t\t\t\t\t                    \n\t\t\t\t\t\n\t\t\t\t\t\n\t\t\t\t\t<\/div>\n\t\t\t\t\t<\/div>\n\t\t\t\t\t\t\t\t\t<\/div>\n\t\t\t\t<\/a>\n\t\t\t<\/div>\n\t\t<\/div>\n\t\t<div class=\"col post-item\" >\n\t\t\t<div class=\"col-inner\">\n\t\t\t<a href=\"https:\/\/cela.org.vn\/vi\/hop-dong-cung-cap-thong-tin-ve-phap-luat.html\/\" class=\"plain\">\n\t\t\t\t<div class=\"box box-normal box-text-bottom box-blog-post has-hover\">\n            \t\t\t\t\t<div class=\"box-image\" >\n  \t\t\t\t\t\t<div class=\"image-zoom image-cover\" style=\"padding-top:56.25%;\">\n  \t\t\t\t\t\t\t<img loading=\"lazy\" decoding=\"async\" width=\"550\" height=\"328\" src=\"https:\/\/cela.org.vn\/wp-content\/uploads\/2021\/07\/luat-su-tu-van-luat-lao-dong-giai-quyet-tranh-chap-lao-dong-tai-da-nang.jpg\" class=\"attachment-original size-original wp-post-image\" alt=\"\" srcset=\"https:\/\/cela.org.vn\/wp-content\/uploads\/2021\/07\/luat-su-tu-van-luat-lao-dong-giai-quyet-tranh-chap-lao-dong-tai-da-nang.jpg 550w, https:\/\/cela.org.vn\/wp-content\/uploads\/2021\/07\/luat-su-tu-van-luat-lao-dong-giai-quyet-tranh-chap-lao-dong-tai-da-nang-300x179.jpg 300w\" sizes=\"auto, (max-width: 550px) 100vw, 550px\" \/>  \t\t\t\t\t\t\t  \t\t\t\t\t\t\t  \t\t\t\t\t\t<\/div>\n  \t\t\t\t\t\t  \t\t\t\t\t<\/div>\n          \t\t\t\t\t<div class=\"box-text text-left\" >\n\t\t\t\t\t<div class=\"box-text-inner blog-post-inner\">\n\n\t\t\t\t\t\n\t\t\t\t\t\t\t\t\t\t<h5 class=\"post-title is-large \">H\u1ee3p \u0111\u1ed3ng cung c\u1ea5p th\u00f4ng tin v\u1ec1 ph\u00e1p lu\u1eadt<\/h5>\n\t\t\t\t\t<div class=\"post-meta is-small op-8\">29 Th\u00e1ng 7, 2021<\/div>\t\t\t\t\t<div class=\"is-divider\"><\/div>\n\t\t\t\t\t\t\t\t\t\t<p class=\"from_the_blog_excerpt \">N\u0103m 2017, CELA ph\u1ed1i h\u1ee3p v\u1edbi c\u00e1c Nghi\u00ean c\u1ee9u vi\u00ean c\u1ee7a Vi\u1ec7n Nh\u00e0 n\u01b0\u1edbc v\u00e0...\t\t\t\t\t<\/p>\n\t\t\t\t\t                    \n\t\t\t\t\t\n\t\t\t\t\t\n\t\t\t\t\t<\/div>\n\t\t\t\t\t<\/div>\n\t\t\t\t\t\t\t\t\t<\/div>\n\t\t\t\t<\/a>\n\t\t\t<\/div>\n\t\t<\/div>\n<\/div>\n\t\t<\/div>\n\t\t\t\t\n<style>\n#col-1373956044 > .col-inner {\n  padding: 15px 15px 15px 15px;\n}\n<\/style>\n\t<\/div>\n\n\t\n<\/div>\n","protected":false},"excerpt":{"rendered":"","protected":false},"author":1,"featured_media":0,"parent":0,"menu_order":0,"comment_status":"closed","ping_status":"closed","template":"page-blank.php","meta":{"footnotes":""},"class_list":["post-266","page","type-page","status-publish","hentry"],"yoast_head":"<!-- This site is optimized with the Yoast SEO plugin v19.14 - https:\/\/yoast.com\/wordpress\/plugins\/seo\/ -->\n<title>Ph\u00e1p lu\u1eadt - Trung t\u00e2m t\u01b0 v\u1ea5n ph\u00e1p lu\u1eadt \u2013 Vi\u1ec7n Nh\u00e0 n\u01b0\u1edbc v\u00e0 Ph\u00e1p lu\u1eadt<\/title>\n<meta name=\"robots\" content=\"index, follow, max-snippet:-1, max-image-preview:large, max-video-preview:-1\" \/>\n<link rel=\"canonical\" href=\"https:\/\/cela.org.vn\/vi\/phap-luat\/\" \/>\n<meta property=\"og:locale\" content=\"vi_VN\" \/>\n<meta property=\"og:type\" content=\"article\" \/>\n<meta property=\"og:title\" content=\"Ph\u00e1p lu\u1eadt - Trung t\u00e2m t\u01b0 v\u1ea5n ph\u00e1p lu\u1eadt \u2013 Vi\u1ec7n Nh\u00e0 n\u01b0\u1edbc v\u00e0 Ph\u00e1p lu\u1eadt\" \/>\n<meta property=\"og:url\" content=\"https:\/\/cela.org.vn\/vi\/phap-luat\/\" \/>\n<meta property=\"og:site_name\" content=\"Trung t\u00e2m t\u01b0 v\u1ea5n ph\u00e1p lu\u1eadt \u2013 Vi\u1ec7n Nh\u00e0 n\u01b0\u1edbc v\u00e0 Ph\u00e1p lu\u1eadt\" \/>\n<meta property=\"article:modified_time\" content=\"2021-08-02T03:20:51+00:00\" \/>\n<meta name=\"twitter:card\" content=\"summary_large_image\" \/>\n<meta name=\"twitter:label1\" content=\"\u01af\u1edbc t\u00ednh th\u1eddi gian \u0111\u1ecdc\" \/>\n\t<meta name=\"twitter:data1\" content=\"3 ph\u00fat\" \/>\n<script type=\"application\/ld+json\" class=\"yoast-schema-graph\">{\"@context\":\"https:\/\/schema.org\",\"@graph\":[{\"@type\":\"WebPage\",\"@id\":\"https:\/\/cela.org.vn\/vi\/phap-luat\/\",\"url\":\"https:\/\/cela.org.vn\/vi\/phap-luat\/\",\"name\":\"Ph\u00e1p lu\u1eadt - Trung t\u00e2m t\u01b0 v\u1ea5n ph\u00e1p lu\u1eadt \u2013 Vi\u1ec7n Nh\u00e0 n\u01b0\u1edbc v\u00e0 Ph\u00e1p lu\u1eadt\",\"isPartOf\":{\"@id\":\"https:\/\/cela.org.vn\/vi\/#website\"},\"datePublished\":\"2021-07-29T10:42:17+00:00\",\"dateModified\":\"2021-08-02T03:20:51+00:00\",\"breadcrumb\":{\"@id\":\"https:\/\/cela.org.vn\/vi\/phap-luat\/#breadcrumb\"},\"inLanguage\":\"vi\",\"potentialAction\":[{\"@type\":\"ReadAction\",\"target\":[\"https:\/\/cela.org.vn\/vi\/phap-luat\/\"]}]},{\"@type\":\"BreadcrumbList\",\"@id\":\"https:\/\/cela.org.vn\/vi\/phap-luat\/#breadcrumb\",\"itemListElement\":[{\"@type\":\"ListItem\",\"position\":1,\"name\":\"Trang ch\u1ee7\",\"item\":\"https:\/\/cela.org.vn\/\"},{\"@type\":\"ListItem\",\"position\":2,\"name\":\"Ph\u00e1p lu\u1eadt\"}]},{\"@type\":\"WebSite\",\"@id\":\"https:\/\/cela.org.vn\/vi\/#website\",\"url\":\"https:\/\/cela.org.vn\/vi\/\",\"name\":\"Trung t\u00e2m t\u01b0 v\u1ea5n ph\u00e1p lu\u1eadt \u2013 Vi\u1ec7n Nh\u00e0 n\u01b0\u1edbc v\u00e0 Ph\u00e1p lu\u1eadt\",\"description\":\"\",\"potentialAction\":[{\"@type\":\"SearchAction\",\"target\":{\"@type\":\"EntryPoint\",\"urlTemplate\":\"https:\/\/cela.org.vn\/vi\/?s={search_term_string}\"},\"query-input\":\"required name=search_term_string\"}],\"inLanguage\":\"vi\"}]}<\/script>\n<!-- \/ Yoast SEO plugin. -->","yoast_head_json":{"title":"Ph\u00e1p lu\u1eadt - Trung t\u00e2m t\u01b0 v\u1ea5n ph\u00e1p lu\u1eadt \u2013 Vi\u1ec7n Nh\u00e0 n\u01b0\u1edbc v\u00e0 Ph\u00e1p lu\u1eadt","robots":{"index":"index","follow":"follow","max-snippet":"max-snippet:-1","max-image-preview":"max-image-preview:large","max-video-preview":"max-video-preview:-1"},"canonical":"https:\/\/cela.org.vn\/vi\/phap-luat\/","og_locale":"vi_VN","og_type":"article","og_title":"Ph\u00e1p lu\u1eadt - Trung t\u00e2m t\u01b0 v\u1ea5n ph\u00e1p lu\u1eadt \u2013 Vi\u1ec7n Nh\u00e0 n\u01b0\u1edbc v\u00e0 Ph\u00e1p lu\u1eadt","og_url":"https:\/\/cela.org.vn\/vi\/phap-luat\/","og_site_name":"Trung t\u00e2m t\u01b0 v\u1ea5n ph\u00e1p lu\u1eadt \u2013 Vi\u1ec7n Nh\u00e0 n\u01b0\u1edbc v\u00e0 Ph\u00e1p lu\u1eadt","article_modified_time":"2021-08-02T03:20:51+00:00","twitter_card":"summary_large_image","twitter_misc":{"\u01af\u1edbc t\u00ednh th\u1eddi gian \u0111\u1ecdc":"3 ph\u00fat"},"schema":{"@context":"https:\/\/schema.org","@graph":[{"@type":"WebPage","@id":"https:\/\/cela.org.vn\/vi\/phap-luat\/","url":"https:\/\/cela.org.vn\/vi\/phap-luat\/","name":"Ph\u00e1p lu\u1eadt - Trung t\u00e2m t\u01b0 v\u1ea5n ph\u00e1p lu\u1eadt \u2013 Vi\u1ec7n Nh\u00e0 n\u01b0\u1edbc v\u00e0 Ph\u00e1p lu\u1eadt","isPartOf":{"@id":"https:\/\/cela.org.vn\/vi\/#website"},"datePublished":"2021-07-29T10:42:17+00:00","dateModified":"2021-08-02T03:20:51+00:00","breadcrumb":{"@id":"https:\/\/cela.org.vn\/vi\/phap-luat\/#breadcrumb"},"inLanguage":"vi","potentialAction":[{"@type":"ReadAction","target":["https:\/\/cela.org.vn\/vi\/phap-luat\/"]}]},{"@type":"BreadcrumbList","@id":"https:\/\/cela.org.vn\/vi\/phap-luat\/#breadcrumb","itemListElement":[{"@type":"ListItem","position":1,"name":"Trang ch\u1ee7","item":"https:\/\/cela.org.vn\/"},{"@type":"ListItem","position":2,"name":"Ph\u00e1p lu\u1eadt"}]},{"@type":"WebSite","@id":"https:\/\/cela.org.vn\/vi\/#website","url":"https:\/\/cela.org.vn\/vi\/","name":"Trung t\u00e2m t\u01b0 v\u1ea5n ph\u00e1p lu\u1eadt \u2013 Vi\u1ec7n Nh\u00e0 n\u01b0\u1edbc v\u00e0 Ph\u00e1p lu\u1eadt","description":"","potentialAction":[{"@type":"SearchAction","target":{"@type":"EntryPoint","urlTemplate":"https:\/\/cela.org.vn\/vi\/?s={search_term_string}"},"query-input":"required name=search_term_string"}],"inLanguage":"vi"}]}},"_links":{"self":[{"href":"https:\/\/cela.org.vn\/vi\/wp-json\/wp\/v2\/pages\/266","targetHints":{"allow":["GET"]}}],"collection":[{"href":"https:\/\/cela.org.vn\/vi\/wp-json\/wp\/v2\/pages"}],"about":[{"href":"https:\/\/cela.org.vn\/vi\/wp-json\/wp\/v2\/types\/page"}],"author":[{"embeddable":true,"href":"https:\/\/cela.org.vn\/vi\/wp-json\/wp\/v2\/users\/1"}],"replies":[{"embeddable":true,"href":"https:\/\/cela.org.vn\/vi\/wp-json\/wp\/v2\/comments?post=266"}],"version-history":[{"count":6,"href":"https:\/\/cela.org.vn\/vi\/wp-json\/wp\/v2\/pages\/266\/revisions"}],"predecessor-version":[{"id":429,"href":"https:\/\/cela.org.vn\/vi\/wp-json\/wp\/v2\/pages\/266\/revisions\/429"}],"wp:attachment":[{"href":"https:\/\/cela.org.vn\/vi\/wp-json\/wp\/v2\/media?parent=266"}],"curies":[{"name":"wp","href":"https:\/\/api.w.org\/{rel}","templated":true}]}}