{"id":264,"date":"2021-07-29T10:42:01","date_gmt":"2021-07-29T10:42:01","guid":{"rendered":"https:\/\/cela.org.vn\/?page_id=264"},"modified":"2021-08-02T03:20:33","modified_gmt":"2021-08-02T03:20:33","slug":"chinh-sach","status":"publish","type":"page","link":"https:\/\/cela.org.vn\/vi\/chinh-sach\/","title":{"rendered":"Ch\u00ednh s\u00e1ch"},"content":{"rendered":"\n  <div class=\"banner has-hover\" id=\"banner-600439728\">\n          <div class=\"banner-inner fill\">\n        <div class=\"banner-bg fill\" >\n            <div class=\"bg fill bg-fill \"><\/div>\n                                    \n                    <\/div>\n        <div class=\"banner-layers container\">\n            <div class=\"fill banner-link\"><\/div>            \n   <div id=\"text-box-994454328\" class=\"text-box banner-layer x50 md-x50 lg-x50 y50 md-y50 lg-y50 res-text\">\n                                <div class=\"text-box-content text dark\">\n              \n              <div class=\"text-inner text-center\">\n                  \n              <\/div>\n           <\/div>\n                            \n<style>\n#text-box-994454328 {\n  width: 60%;\n}\n#text-box-994454328 .text-box-content {\n  font-size: 100%;\n}\n<\/style>\n    <\/div>\n \n        <\/div>\n      <\/div>\n\n            \n<style>\n#banner-600439728 {\n  padding-top: 75%;\n}\n#banner-600439728 .bg.bg-loaded {\n  background-image: url(https:\/\/cela.org.vn\/wp-content\/uploads\/2021\/07\/banner.jpg);\n}\n@media (min-width:550px) {\n  #banner-600439728 {\n    padding-top: 500px;\n  }\n}\n<\/style>\n  <\/div>\n\n\n<div class=\"row\"  id=\"row-400107628\">\n\n\t<div id=\"col-664209931\" class=\"col small-12 large-12\"  >\n\t\t\t\t<div class=\"col-inner box-shadow-2\"  >\n\t\t\t\n\t\t\t\n<div class=\"container section-title-container title-t-1\" ><h1 class=\"section-title section-title-center\"><b><\/b><span class=\"section-title-main\" >T\u01af V\u1ea4N CH\u00cdNH S\u00c1CH<\/span><b><\/b><\/h1><\/div>\n<p><span style=\"color: #000000;\">V\u1edbi l\u1ee3i th\u1ebf xu\u1ea5t ph\u00e1t \u0111i\u1ec3m l\u00e0 \u0111\u01a1n v\u1ecb thu\u1ed9c Vi\u1ec7n Nh\u00e0 n\u01b0\u1edbc v\u00e0 Ph\u00e1p lu\u1eadt, nh\u00e2n s\u1ef1 c\u1ee7a CELA \u0111\u1ed3ng th\u1eddi l\u00e0 c\u00e1c nh\u00e0 nghi\u00ean c\u1ee9u. Ngo\u00e0i ra, c\u00f2n c\u00f3 \u0111\u1ed9i ng\u0169 c\u1ed9ng t\u00e1c vi\u00ean l\u00e0 c\u00e1c nh\u00e0 nghi\u00ean c\u1ee9u trong l\u0129nh v\u1ef1c khoa h\u1ecdc ph\u00e1p l\u00fd thu\u1ed9c c\u00e1c b\u1ed9, ng\u00e0nh v\u00e0 \u0111\u1ecba ph\u01b0\u01a1ng. Th\u00eam v\u00e0o \u0111\u00f3, th\u00f4ng qua Vi\u1ec7n Nh\u00e0 n\u01b0\u1edbc v\u00e0 Ph\u00e1p lu\u1eadt, CELA thi\u1ebft l\u1eadp m\u1ed1i quan h\u1ec7 v\u1edbi c\u00e1c c\u01a1 quan, b\u1ed9 chuy\u00ean ng\u00e0nh c\u0169ng nh\u01b0 c\u00e1c \u0111\u01a1n v\u1ecb nghi\u00ean c\u1ee9u v\u00e0 t\u01b0 v\u1ea5n ch\u00ednh s\u00e1ch kh\u00e1c. Trong nh\u1eefng n\u0103m qua, CELA \u0111\u00e3 th\u1ef1c hi\u1ec7n g\u00f3p \u00fd nhi\u1ec1u d\u1ef1 th\u1ea3o v\u0103n b\u1ea3n quy ph\u1ea1m ph\u00e1p lu\u1eadt theo s\u1ef1 ph\u00e2n c\u00f4ng c\u1ee7a Vi\u1ec7n Nh\u00e0 n\u01b0\u1edbc v\u00e0 Ph\u00e1p lu\u1eadt; T\u1ed5 ch\u1ee9c nghi\u00ean c\u1ee9u, t\u01b0 v\u1ea5n ch\u00ednh s\u00e1ch thu\u1ed9c c\u00e1c l\u0129nh v\u1ef1c kh\u00e1c nhau, ti\u00eau bi\u1ec3u l\u00e0 c\u00e1c d\u1ef1 \u00e1n nghi\u00ean c\u1ee9u v\u1ec1 kinh t\u1ebf n\u1ec1n t\u1ea3ng, kinh t\u1ebf chia s\u1ebb, an to\u00e0n h\u00f3a ch\u1ea5t, qu\u1ea3n l\u00fd s\u1ea3n xu\u1ea5t r\u01b0\u1ee3u, bia th\u1ee7 c\u00f4ng\u2026<\/span><\/p>\n\n  \n    <div class=\"row large-columns-3 medium-columns-1 small-columns-1 has-shadow row-box-shadow-1\">\n  \t\t<div class=\"col post-item\" >\n\t\t\t<div class=\"col-inner\">\n\t\t\t<a href=\"https:\/\/cela.org.vn\/vi\/quan-ly-dieu-tri-giao-duc-tre-tu-ky.html\/\" class=\"plain\">\n\t\t\t\t<div class=\"box box-normal box-text-bottom box-blog-post has-hover\">\n            \t\t\t\t\t<div class=\"box-image\" >\n  \t\t\t\t\t\t<div class=\"image-zoom image-cover\" style=\"padding-top:56.25%;\">\n  \t\t\t\t\t\t\t<img loading=\"lazy\" decoding=\"async\" width=\"500\" height=\"333\" src=\"https:\/\/cela.org.vn\/wp-content\/uploads\/2021\/07\/20210403_022313_603072_tre-tu-ky.max-800x800-1.jpg\" class=\"attachment-original size-original wp-post-image\" alt=\"\" srcset=\"https:\/\/cela.org.vn\/wp-content\/uploads\/2021\/07\/20210403_022313_603072_tre-tu-ky.max-800x800-1.jpg 500w, https:\/\/cela.org.vn\/wp-content\/uploads\/2021\/07\/20210403_022313_603072_tre-tu-ky.max-800x800-1-300x200.jpg 300w\" sizes=\"auto, (max-width: 500px) 100vw, 500px\" \/>  \t\t\t\t\t\t\t  \t\t\t\t\t\t\t  \t\t\t\t\t\t<\/div>\n  \t\t\t\t\t\t  \t\t\t\t\t<\/div>\n          \t\t\t\t\t<div class=\"box-text text-left\" >\n\t\t\t\t\t<div class=\"box-text-inner blog-post-inner\">\n\n\t\t\t\t\t\n\t\t\t\t\t\t\t\t\t\t<h5 class=\"post-title is-large \">Qu\u1ea3n l\u00fd \u0111i\u1ec1u tr\u1ecb, gi\u00e1o d\u1ee5c tr\u1ebb t\u1ef1 k\u1ef7<\/h5>\n\t\t\t\t\t<div class=\"post-meta is-small op-8\">29 Th\u00e1ng 7, 2021<\/div>\t\t\t\t\t<div class=\"is-divider\"><\/div>\n\t\t\t\t\t\t\t\t\t\t<p class=\"from_the_blog_excerpt \">D\u1ef1 \u00e1n: Qu\u1ea3n l\u00fd \u0111i\u1ec1u tr\u1ecb, gi\u00e1o d\u1ee5c tr\u1ebb t\u1ef1 k\u1ef7: Khuy\u1ebfn ngh\u1ecb l\u1eadp ph\u00e1p...\t\t\t\t\t<\/p>\n\t\t\t\t\t                    \n\t\t\t\t\t\n\t\t\t\t\t\n\t\t\t\t\t<\/div>\n\t\t\t\t\t<\/div>\n\t\t\t\t\t\t\t\t\t<\/div>\n\t\t\t\t<\/a>\n\t\t\t<\/div>\n\t\t<\/div>\n<\/div>\n\t\t<\/div>\n\t\t\t\t\n<style>\n#col-664209931 > .col-inner {\n  padding: 15px 15px 15px 15px;\n}\n<\/style>\n\t<\/div>\n\n\t\n<\/div>\n","protected":false},"excerpt":{"rendered":"","protected":false},"author":1,"featured_media":0,"parent":0,"menu_order":0,"comment_status":"closed","ping_status":"closed","template":"page-blank.php","meta":{"footnotes":""},"class_list":["post-264","page","type-page","status-publish","hentry"],"yoast_head":"<!-- This site is optimized with the Yoast SEO plugin v19.14 - https:\/\/yoast.com\/wordpress\/plugins\/seo\/ -->\n<title>Ch\u00ednh s\u00e1ch - Trung t\u00e2m t\u01b0 v\u1ea5n ph\u00e1p lu\u1eadt \u2013 Vi\u1ec7n Nh\u00e0 n\u01b0\u1edbc v\u00e0 Ph\u00e1p lu\u1eadt<\/title>\n<meta name=\"robots\" content=\"index, follow, max-snippet:-1, max-image-preview:large, max-video-preview:-1\" \/>\n<link rel=\"canonical\" href=\"https:\/\/cela.org.vn\/vi\/chinh-sach\/\" \/>\n<meta property=\"og:locale\" content=\"vi_VN\" \/>\n<meta property=\"og:type\" content=\"article\" \/>\n<meta property=\"og:title\" content=\"Ch\u00ednh s\u00e1ch - Trung t\u00e2m t\u01b0 v\u1ea5n ph\u00e1p lu\u1eadt \u2013 Vi\u1ec7n Nh\u00e0 n\u01b0\u1edbc v\u00e0 Ph\u00e1p lu\u1eadt\" \/>\n<meta property=\"og:url\" content=\"https:\/\/cela.org.vn\/vi\/chinh-sach\/\" \/>\n<meta property=\"og:site_name\" content=\"Trung t\u00e2m t\u01b0 v\u1ea5n ph\u00e1p lu\u1eadt \u2013 Vi\u1ec7n Nh\u00e0 n\u01b0\u1edbc v\u00e0 Ph\u00e1p lu\u1eadt\" \/>\n<meta property=\"article:modified_time\" content=\"2021-08-02T03:20:33+00:00\" \/>\n<meta name=\"twitter:card\" content=\"summary_large_image\" \/>\n<meta name=\"twitter:label1\" content=\"\u01af\u1edbc t\u00ednh th\u1eddi gian \u0111\u1ecdc\" \/>\n\t<meta name=\"twitter:data1\" content=\"3 ph\u00fat\" \/>\n<script type=\"application\/ld+json\" class=\"yoast-schema-graph\">{\"@context\":\"https:\/\/schema.org\",\"@graph\":[{\"@type\":\"WebPage\",\"@id\":\"https:\/\/cela.org.vn\/vi\/chinh-sach\/\",\"url\":\"https:\/\/cela.org.vn\/vi\/chinh-sach\/\",\"name\":\"Ch\u00ednh s\u00e1ch - Trung t\u00e2m t\u01b0 v\u1ea5n ph\u00e1p lu\u1eadt \u2013 Vi\u1ec7n Nh\u00e0 n\u01b0\u1edbc v\u00e0 Ph\u00e1p lu\u1eadt\",\"isPartOf\":{\"@id\":\"https:\/\/cela.org.vn\/vi\/#website\"},\"datePublished\":\"2021-07-29T10:42:01+00:00\",\"dateModified\":\"2021-08-02T03:20:33+00:00\",\"breadcrumb\":{\"@id\":\"https:\/\/cela.org.vn\/vi\/chinh-sach\/#breadcrumb\"},\"inLanguage\":\"vi\",\"potentialAction\":[{\"@type\":\"ReadAction\",\"target\":[\"https:\/\/cela.org.vn\/vi\/chinh-sach\/\"]}]},{\"@type\":\"BreadcrumbList\",\"@id\":\"https:\/\/cela.org.vn\/vi\/chinh-sach\/#breadcrumb\",\"itemListElement\":[{\"@type\":\"ListItem\",\"position\":1,\"name\":\"Trang ch\u1ee7\",\"item\":\"https:\/\/cela.org.vn\/\"},{\"@type\":\"ListItem\",\"position\":2,\"name\":\"Ch\u00ednh s\u00e1ch\"}]},{\"@type\":\"WebSite\",\"@id\":\"https:\/\/cela.org.vn\/vi\/#website\",\"url\":\"https:\/\/cela.org.vn\/vi\/\",\"name\":\"Trung t\u00e2m t\u01b0 v\u1ea5n ph\u00e1p lu\u1eadt \u2013 Vi\u1ec7n Nh\u00e0 n\u01b0\u1edbc v\u00e0 Ph\u00e1p lu\u1eadt\",\"description\":\"\",\"potentialAction\":[{\"@type\":\"SearchAction\",\"target\":{\"@type\":\"EntryPoint\",\"urlTemplate\":\"https:\/\/cela.org.vn\/vi\/?s={search_term_string}\"},\"query-input\":\"required name=search_term_string\"}],\"inLanguage\":\"vi\"}]}<\/script>\n<!-- \/ Yoast SEO plugin. -->","yoast_head_json":{"title":"Ch\u00ednh s\u00e1ch - Trung t\u00e2m t\u01b0 v\u1ea5n ph\u00e1p lu\u1eadt \u2013 Vi\u1ec7n Nh\u00e0 n\u01b0\u1edbc v\u00e0 Ph\u00e1p lu\u1eadt","robots":{"index":"index","follow":"follow","max-snippet":"max-snippet:-1","max-image-preview":"max-image-preview:large","max-video-preview":"max-video-preview:-1"},"canonical":"https:\/\/cela.org.vn\/vi\/chinh-sach\/","og_locale":"vi_VN","og_type":"article","og_title":"Ch\u00ednh s\u00e1ch - Trung t\u00e2m t\u01b0 v\u1ea5n ph\u00e1p lu\u1eadt \u2013 Vi\u1ec7n Nh\u00e0 n\u01b0\u1edbc v\u00e0 Ph\u00e1p lu\u1eadt","og_url":"https:\/\/cela.org.vn\/vi\/chinh-sach\/","og_site_name":"Trung t\u00e2m t\u01b0 v\u1ea5n ph\u00e1p lu\u1eadt \u2013 Vi\u1ec7n Nh\u00e0 n\u01b0\u1edbc v\u00e0 Ph\u00e1p lu\u1eadt","article_modified_time":"2021-08-02T03:20:33+00:00","twitter_card":"summary_large_image","twitter_misc":{"\u01af\u1edbc t\u00ednh th\u1eddi gian \u0111\u1ecdc":"3 ph\u00fat"},"schema":{"@context":"https:\/\/schema.org","@graph":[{"@type":"WebPage","@id":"https:\/\/cela.org.vn\/vi\/chinh-sach\/","url":"https:\/\/cela.org.vn\/vi\/chinh-sach\/","name":"Ch\u00ednh s\u00e1ch - Trung t\u00e2m t\u01b0 v\u1ea5n ph\u00e1p lu\u1eadt \u2013 Vi\u1ec7n Nh\u00e0 n\u01b0\u1edbc v\u00e0 Ph\u00e1p lu\u1eadt","isPartOf":{"@id":"https:\/\/cela.org.vn\/vi\/#website"},"datePublished":"2021-07-29T10:42:01+00:00","dateModified":"2021-08-02T03:20:33+00:00","breadcrumb":{"@id":"https:\/\/cela.org.vn\/vi\/chinh-sach\/#breadcrumb"},"inLanguage":"vi","potentialAction":[{"@type":"ReadAction","target":["https:\/\/cela.org.vn\/vi\/chinh-sach\/"]}]},{"@type":"BreadcrumbList","@id":"https:\/\/cela.org.vn\/vi\/chinh-sach\/#breadcrumb","itemListElement":[{"@type":"ListItem","position":1,"name":"Trang ch\u1ee7","item":"https:\/\/cela.org.vn\/"},{"@type":"ListItem","position":2,"name":"Ch\u00ednh s\u00e1ch"}]},{"@type":"WebSite","@id":"https:\/\/cela.org.vn\/vi\/#website","url":"https:\/\/cela.org.vn\/vi\/","name":"Trung t\u00e2m t\u01b0 v\u1ea5n ph\u00e1p lu\u1eadt \u2013 Vi\u1ec7n Nh\u00e0 n\u01b0\u1edbc v\u00e0 Ph\u00e1p lu\u1eadt","description":"","potentialAction":[{"@type":"SearchAction","target":{"@type":"EntryPoint","urlTemplate":"https:\/\/cela.org.vn\/vi\/?s={search_term_string}"},"query-input":"required name=search_term_string"}],"inLanguage":"vi"}]}},"_links":{"self":[{"href":"https:\/\/cela.org.vn\/vi\/wp-json\/wp\/v2\/pages\/264","targetHints":{"allow":["GET"]}}],"collection":[{"href":"https:\/\/cela.org.vn\/vi\/wp-json\/wp\/v2\/pages"}],"about":[{"href":"https:\/\/cela.org.vn\/vi\/wp-json\/wp\/v2\/types\/page"}],"author":[{"embeddable":true,"href":"https:\/\/cela.org.vn\/vi\/wp-json\/wp\/v2\/users\/1"}],"replies":[{"embeddable":true,"href":"https:\/\/cela.org.vn\/vi\/wp-json\/wp\/v2\/comments?post=264"}],"version-history":[{"count":6,"href":"https:\/\/cela.org.vn\/vi\/wp-json\/wp\/v2\/pages\/264\/revisions"}],"predecessor-version":[{"id":428,"href":"https:\/\/cela.org.vn\/vi\/wp-json\/wp\/v2\/pages\/264\/revisions\/428"}],"wp:attachment":[{"href":"https:\/\/cela.org.vn\/vi\/wp-json\/wp\/v2\/media?parent=264"}],"curies":[{"name":"wp","href":"https:\/\/api.w.org\/{rel}","templated":true}]}}