{"id":262,"date":"2021-07-29T10:41:46","date_gmt":"2021-07-29T10:41:46","guid":{"rendered":"https:\/\/cela.org.vn\/?page_id=262"},"modified":"2021-08-02T03:20:13","modified_gmt":"2021-08-02T03:20:13","slug":"phap-ly","status":"publish","type":"page","link":"https:\/\/cela.org.vn\/vi\/phap-ly\/","title":{"rendered":"Ph\u00e1p l\u00fd"},"content":{"rendered":"\n  <div class=\"banner has-hover\" id=\"banner-1744148056\">\n          <div class=\"banner-inner fill\">\n        <div class=\"banner-bg fill\" >\n            <div class=\"bg fill bg-fill \"><\/div>\n                                    \n                    <\/div>\n        <div class=\"banner-layers container\">\n            <div class=\"fill banner-link\"><\/div>            \n   <div id=\"text-box-485149550\" class=\"text-box banner-layer x50 md-x50 lg-x50 y50 md-y50 lg-y50 res-text\">\n                                <div class=\"text-box-content text dark\">\n              \n              <div class=\"text-inner text-center\">\n                  \n              <\/div>\n           <\/div>\n                            \n<style>\n#text-box-485149550 {\n  width: 60%;\n}\n#text-box-485149550 .text-box-content {\n  font-size: 100%;\n}\n<\/style>\n    <\/div>\n \n        <\/div>\n      <\/div>\n\n            \n<style>\n#banner-1744148056 {\n  padding-top: 75%;\n}\n#banner-1744148056 .bg.bg-loaded {\n  background-image: url(https:\/\/cela.org.vn\/wp-content\/uploads\/2021\/07\/banner.jpg);\n}\n@media (min-width:550px) {\n  #banner-1744148056 {\n    padding-top: 500px;\n  }\n}\n<\/style>\n  <\/div>\n\n\n<div class=\"row\"  id=\"row-501469282\">\n\n\t<div id=\"col-1843195512\" class=\"col small-12 large-12\"  >\n\t\t\t\t<div class=\"col-inner box-shadow-2\"  >\n\t\t\t\n\t\t\t\n<div class=\"container section-title-container title-t-1\" ><h1 class=\"section-title section-title-center\"><b><\/b><span class=\"section-title-main\" >TR\u1ee2 GI\u00daP PH\u00c1P L\u00dd<\/span><b><\/b><\/h1><\/div>\n<p><span style=\"color: #000000;\">Ho\u1ea1t \u0111\u1ed9ng n\u00e0y \u0111\u01b0\u1ee3c thi\u1ebft l\u1eadp xu\u1ea5t ph\u00e1t t\u1eeb tr\u00e1ch nhi\u1ec7m x\u00e3 h\u1ed9i c\u1ee7a Vi\u1ec7n Nh\u00e0 n\u01b0\u1edbc v\u00e0 Ph\u00e1p lu\u1eadt th\u1ef1c hi\u1ec7n c\u00e1c ho\u1ea1t \u0111\u1ed9ng t\u01b0 v\u1ea5n ph\u00e1p lu\u1eadt kh\u00f4ng thu ph\u00ed. T\u1eeb khi \u0111\u01b0\u1ee3c th\u00e0nh l\u1eadp, CELA \u0111\u00e3 tr\u1ee3 gi\u00fap ph\u00e1p l\u00fd, t\u01b0 v\u1ea5n mi\u1ec5n ph\u00ed cho h\u00e0ng tr\u0103m tr\u01b0\u1eddng h\u1ee3p ng\u01b0\u1eddi c\u00f3 kh\u00f3 kh\u0103n v\u1ec1 t\u00e0i ch\u00ednh.<\/span><\/p>\n\n  \n    <div class=\"row large-columns-3 medium-columns-1 small-columns-1 has-shadow row-box-shadow-1\">\n  \t\t<div class=\"col post-item\" >\n\t\t\t<div class=\"col-inner\">\n\t\t\t<a href=\"https:\/\/cela.org.vn\/vi\/khao-sat-thuc-trang-thuc-hien-phap-luat-dat-dai-va-tinh-hinh-khieu-kien-ve-dat-dai-tai-huyen-ly-nhan-huyen-thanh-liem-va-thanh-pho-phu-ly-tinh-ha-nam.html\/\" class=\"plain\">\n\t\t\t\t<div class=\"box box-normal box-text-bottom box-blog-post has-hover\">\n            \t\t\t\t\t<div class=\"box-image\" >\n  \t\t\t\t\t\t<div class=\"image-zoom image-cover\" style=\"padding-top:56.25%;\">\n  \t\t\t\t\t\t\t<img loading=\"lazy\" decoding=\"async\" width=\"960\" height=\"720\" src=\"https:\/\/cela.org.vn\/wp-content\/uploads\/2021\/07\/t-5.jpg\" class=\"attachment-original size-original wp-post-image\" alt=\"\" srcset=\"https:\/\/cela.org.vn\/wp-content\/uploads\/2021\/07\/t-5.jpg 960w, https:\/\/cela.org.vn\/wp-content\/uploads\/2021\/07\/t-5-300x225.jpg 300w, https:\/\/cela.org.vn\/wp-content\/uploads\/2021\/07\/t-5-768x576.jpg 768w\" sizes=\"auto, (max-width: 960px) 100vw, 960px\" \/>  \t\t\t\t\t\t\t  \t\t\t\t\t\t\t  \t\t\t\t\t\t<\/div>\n  \t\t\t\t\t\t  \t\t\t\t\t<\/div>\n          \t\t\t\t\t<div class=\"box-text text-left\" >\n\t\t\t\t\t<div class=\"box-text-inner blog-post-inner\">\n\n\t\t\t\t\t\n\t\t\t\t\t\t\t\t\t\t<h5 class=\"post-title is-large \">Kh\u1ea3o s\u00e1t th\u1ef1c tr\u1ea1ng th\u1ef1c hi\u1ec7n ph\u00e1p lu\u1eadt \u0111\u1ea5t \u0111ai v\u00e0 t\u00ecnh h\u00ecnh khi\u1ebfu ki\u1ec7n v\u1ec1 \u0111\u1ea5t \u0111ai t\u1ea1i huy\u1ec7n L\u00fd Nh\u00e2n, huy\u1ec7n Thanh Li\u00eam v\u00e0 th\u00e0nh ph\u1ed1 Ph\u1ee7 L\u00fd, t\u1ec9nh H\u00e0 Nam<\/h5>\n\t\t\t\t\t<div class=\"post-meta is-small op-8\">29 Th\u00e1ng 7, 2021<\/div>\t\t\t\t\t<div class=\"is-divider\"><\/div>\n\t\t\t\t\t\t\t\t\t\t<p class=\"from_the_blog_excerpt \">1 th\u00e1ng 10, 2018, B\u00f9i \u0110\u1ee9c hi\u1ec3n \u0110o\u00e0n c\u00f4ng t\u00e1c c\u1ee7a Trung t\u00e2m t\u01b0 v\u1ea5n...\t\t\t\t\t<\/p>\n\t\t\t\t\t                    \n\t\t\t\t\t\n\t\t\t\t\t\n\t\t\t\t\t<\/div>\n\t\t\t\t\t<\/div>\n\t\t\t\t\t\t\t\t\t<\/div>\n\t\t\t\t<\/a>\n\t\t\t<\/div>\n\t\t<\/div>\n\t\t<div class=\"col post-item\" >\n\t\t\t<div class=\"col-inner\">\n\t\t\t<a href=\"https:\/\/cela.org.vn\/vi\/tham-gia-trao-doi-tai-toa-dam-ve-sua-doi-luat-thi-hanh-an-hinh-su-va-toa-dam-ve-huy-dong-nguon-luc-xa-hoi-tro-giup-phap-ly.html\/\" class=\"plain\">\n\t\t\t\t<div class=\"box box-normal box-text-bottom box-blog-post has-hover\">\n            \t\t\t\t\t<div class=\"box-image\" >\n  \t\t\t\t\t\t<div class=\"image-zoom image-cover\" style=\"padding-top:56.25%;\">\n  \t\t\t\t\t\t\t<img loading=\"lazy\" decoding=\"async\" width=\"960\" height=\"720\" src=\"https:\/\/cela.org.vn\/wp-content\/uploads\/2021\/07\/t-3.jpg\" class=\"attachment-original size-original wp-post-image\" alt=\"\" srcset=\"https:\/\/cela.org.vn\/wp-content\/uploads\/2021\/07\/t-3.jpg 960w, https:\/\/cela.org.vn\/wp-content\/uploads\/2021\/07\/t-3-300x225.jpg 300w, https:\/\/cela.org.vn\/wp-content\/uploads\/2021\/07\/t-3-768x576.jpg 768w\" sizes=\"auto, (max-width: 960px) 100vw, 960px\" \/>  \t\t\t\t\t\t\t  \t\t\t\t\t\t\t  \t\t\t\t\t\t<\/div>\n  \t\t\t\t\t\t  \t\t\t\t\t<\/div>\n          \t\t\t\t\t<div class=\"box-text text-left\" >\n\t\t\t\t\t<div class=\"box-text-inner blog-post-inner\">\n\n\t\t\t\t\t\n\t\t\t\t\t\t\t\t\t\t<h5 class=\"post-title is-large \">Tham gia trao \u0111\u1ed5i t\u1ea1i To\u1ea1 \u0111\u00e0m v\u1ec1 s\u1eeda \u0111\u1ed5i Lu\u1eadt Thi h\u00e0nh \u00e1n H\u00ecnh s\u1ef1  v\u00e0 To\u1ea1 \u0111\u00e0m v\u1ec1 huy \u0111\u1ed9ng ngu\u1ed3n l\u1ef1c x\u00e3 h\u1ed9i tr\u1ee3 gi\u00fap ph\u00e1p l\u00fd<\/h5>\n\t\t\t\t\t<div class=\"post-meta is-small op-8\">29 Th\u00e1ng 7, 2021<\/div>\t\t\t\t\t<div class=\"is-divider\"><\/div>\n\t\t\t\t\t\t\t\t\t\t<p class=\"from_the_blog_excerpt \">1 th\u00e1ng 11 n\u0103m 2018, t\u00e1c gi\u1ea3 TS. B\u00f9i \u0110\u1ee9c Hi\u1ec3n Trung t\u00e2m t\u01b0 v\u1ea5n...\t\t\t\t\t<\/p>\n\t\t\t\t\t                    \n\t\t\t\t\t\n\t\t\t\t\t\n\t\t\t\t\t<\/div>\n\t\t\t\t\t<\/div>\n\t\t\t\t\t\t\t\t\t<\/div>\n\t\t\t\t<\/a>\n\t\t\t<\/div>\n\t\t<\/div>\n\t\t<div class=\"col post-item\" >\n\t\t\t<div class=\"col-inner\">\n\t\t\t<a href=\"https:\/\/cela.org.vn\/vi\/tu-van-phap-luat-tro-giup-phap-ly-cho-cong-dan-tai-ubnd-phuong-bien-giang-va-ubnd-quan-ha-dong.html\/\" class=\"plain\">\n\t\t\t\t<div class=\"box box-normal box-text-bottom box-blog-post has-hover\">\n            \t\t\t\t\t<div class=\"box-image\" >\n  \t\t\t\t\t\t<div class=\"image-zoom image-cover\" style=\"padding-top:56.25%;\">\n  \t\t\t\t\t\t\t<img loading=\"lazy\" decoding=\"async\" width=\"519\" height=\"390\" src=\"https:\/\/cela.org.vn\/wp-content\/uploads\/2021\/07\/t.jpg\" class=\"attachment-original size-original wp-post-image\" alt=\"\" srcset=\"https:\/\/cela.org.vn\/wp-content\/uploads\/2021\/07\/t.jpg 519w, https:\/\/cela.org.vn\/wp-content\/uploads\/2021\/07\/t-300x225.jpg 300w\" sizes=\"auto, (max-width: 519px) 100vw, 519px\" \/>  \t\t\t\t\t\t\t  \t\t\t\t\t\t\t  \t\t\t\t\t\t<\/div>\n  \t\t\t\t\t\t  \t\t\t\t\t<\/div>\n          \t\t\t\t\t<div class=\"box-text text-left\" >\n\t\t\t\t\t<div class=\"box-text-inner blog-post-inner\">\n\n\t\t\t\t\t\n\t\t\t\t\t\t\t\t\t\t<h5 class=\"post-title is-large \">T\u01b0 v\u1ea5n ph\u00e1p lu\u1eadt, tr\u1ee3 gi\u00fap ph\u00e1p l\u00fd cho c\u00f4ng d\u00e2n t\u1ea1i UBND ph\u01b0\u1eddng Bi\u00ean Giang v\u00e0 UBND qu\u1eadn H\u00e0 \u0110\u00f4ng<\/h5>\n\t\t\t\t\t<div class=\"post-meta is-small op-8\">29 Th\u00e1ng 7, 2021<\/div>\t\t\t\t\t<div class=\"is-divider\"><\/div>\n\t\t\t\t\t\t\t\t\t\t<p class=\"from_the_blog_excerpt \">7 th\u00e1ng 3, 2019 H\u00e0 \u0110\u00f4ng , t\u00e1c gi\u1ea3 TS. B\u00f9i \u0110\u1ee9c Hi\u1ec3n T\u1ed5 c\u00f4ng...\t\t\t\t\t<\/p>\n\t\t\t\t\t                    \n\t\t\t\t\t\n\t\t\t\t\t\n\t\t\t\t\t<\/div>\n\t\t\t\t\t<\/div>\n\t\t\t\t\t\t\t\t\t<\/div>\n\t\t\t\t<\/a>\n\t\t\t<\/div>\n\t\t<\/div>\n<\/div>\n\t\t<\/div>\n\t\t\t\t\n<style>\n#col-1843195512 > .col-inner {\n  padding: 15px 15px 15px 15px;\n}\n<\/style>\n\t<\/div>\n\n\t\n<\/div>\n","protected":false},"excerpt":{"rendered":"","protected":false},"author":1,"featured_media":0,"parent":0,"menu_order":0,"comment_status":"closed","ping_status":"closed","template":"page-blank.php","meta":{"footnotes":""},"class_list":["post-262","page","type-page","status-publish","hentry"],"yoast_head":"<!-- This site is optimized with the Yoast SEO plugin v19.14 - https:\/\/yoast.com\/wordpress\/plugins\/seo\/ -->\n<title>Ph\u00e1p l\u00fd - Trung t\u00e2m t\u01b0 v\u1ea5n ph\u00e1p lu\u1eadt \u2013 Vi\u1ec7n Nh\u00e0 n\u01b0\u1edbc v\u00e0 Ph\u00e1p lu\u1eadt<\/title>\n<meta name=\"robots\" content=\"index, follow, max-snippet:-1, max-image-preview:large, max-video-preview:-1\" \/>\n<link rel=\"canonical\" href=\"https:\/\/cela.org.vn\/vi\/phap-ly\/\" \/>\n<meta property=\"og:locale\" content=\"vi_VN\" \/>\n<meta property=\"og:type\" content=\"article\" \/>\n<meta property=\"og:title\" content=\"Ph\u00e1p l\u00fd - Trung t\u00e2m t\u01b0 v\u1ea5n ph\u00e1p lu\u1eadt \u2013 Vi\u1ec7n Nh\u00e0 n\u01b0\u1edbc v\u00e0 Ph\u00e1p lu\u1eadt\" \/>\n<meta property=\"og:url\" content=\"https:\/\/cela.org.vn\/vi\/phap-ly\/\" \/>\n<meta property=\"og:site_name\" content=\"Trung t\u00e2m t\u01b0 v\u1ea5n ph\u00e1p lu\u1eadt \u2013 Vi\u1ec7n Nh\u00e0 n\u01b0\u1edbc v\u00e0 Ph\u00e1p lu\u1eadt\" \/>\n<meta property=\"article:modified_time\" content=\"2021-08-02T03:20:13+00:00\" \/>\n<meta name=\"twitter:card\" content=\"summary_large_image\" \/>\n<meta name=\"twitter:label1\" content=\"\u01af\u1edbc t\u00ednh th\u1eddi gian \u0111\u1ecdc\" \/>\n\t<meta name=\"twitter:data1\" content=\"3 ph\u00fat\" \/>\n<script type=\"application\/ld+json\" class=\"yoast-schema-graph\">{\"@context\":\"https:\/\/schema.org\",\"@graph\":[{\"@type\":\"WebPage\",\"@id\":\"https:\/\/cela.org.vn\/vi\/phap-ly\/\",\"url\":\"https:\/\/cela.org.vn\/vi\/phap-ly\/\",\"name\":\"Ph\u00e1p l\u00fd - Trung t\u00e2m t\u01b0 v\u1ea5n ph\u00e1p lu\u1eadt \u2013 Vi\u1ec7n Nh\u00e0 n\u01b0\u1edbc v\u00e0 Ph\u00e1p lu\u1eadt\",\"isPartOf\":{\"@id\":\"https:\/\/cela.org.vn\/vi\/#website\"},\"datePublished\":\"2021-07-29T10:41:46+00:00\",\"dateModified\":\"2021-08-02T03:20:13+00:00\",\"breadcrumb\":{\"@id\":\"https:\/\/cela.org.vn\/vi\/phap-ly\/#breadcrumb\"},\"inLanguage\":\"vi\",\"potentialAction\":[{\"@type\":\"ReadAction\",\"target\":[\"https:\/\/cela.org.vn\/vi\/phap-ly\/\"]}]},{\"@type\":\"BreadcrumbList\",\"@id\":\"https:\/\/cela.org.vn\/vi\/phap-ly\/#breadcrumb\",\"itemListElement\":[{\"@type\":\"ListItem\",\"position\":1,\"name\":\"Trang ch\u1ee7\",\"item\":\"https:\/\/cela.org.vn\/\"},{\"@type\":\"ListItem\",\"position\":2,\"name\":\"Ph\u00e1p l\u00fd\"}]},{\"@type\":\"WebSite\",\"@id\":\"https:\/\/cela.org.vn\/vi\/#website\",\"url\":\"https:\/\/cela.org.vn\/vi\/\",\"name\":\"Trung t\u00e2m t\u01b0 v\u1ea5n ph\u00e1p lu\u1eadt \u2013 Vi\u1ec7n Nh\u00e0 n\u01b0\u1edbc v\u00e0 Ph\u00e1p lu\u1eadt\",\"description\":\"\",\"potentialAction\":[{\"@type\":\"SearchAction\",\"target\":{\"@type\":\"EntryPoint\",\"urlTemplate\":\"https:\/\/cela.org.vn\/vi\/?s={search_term_string}\"},\"query-input\":\"required name=search_term_string\"}],\"inLanguage\":\"vi\"}]}<\/script>\n<!-- \/ Yoast SEO plugin. -->","yoast_head_json":{"title":"Ph\u00e1p l\u00fd - Trung t\u00e2m t\u01b0 v\u1ea5n ph\u00e1p lu\u1eadt \u2013 Vi\u1ec7n Nh\u00e0 n\u01b0\u1edbc v\u00e0 Ph\u00e1p lu\u1eadt","robots":{"index":"index","follow":"follow","max-snippet":"max-snippet:-1","max-image-preview":"max-image-preview:large","max-video-preview":"max-video-preview:-1"},"canonical":"https:\/\/cela.org.vn\/vi\/phap-ly\/","og_locale":"vi_VN","og_type":"article","og_title":"Ph\u00e1p l\u00fd - Trung t\u00e2m t\u01b0 v\u1ea5n ph\u00e1p lu\u1eadt \u2013 Vi\u1ec7n Nh\u00e0 n\u01b0\u1edbc v\u00e0 Ph\u00e1p lu\u1eadt","og_url":"https:\/\/cela.org.vn\/vi\/phap-ly\/","og_site_name":"Trung t\u00e2m t\u01b0 v\u1ea5n ph\u00e1p lu\u1eadt \u2013 Vi\u1ec7n Nh\u00e0 n\u01b0\u1edbc v\u00e0 Ph\u00e1p lu\u1eadt","article_modified_time":"2021-08-02T03:20:13+00:00","twitter_card":"summary_large_image","twitter_misc":{"\u01af\u1edbc t\u00ednh th\u1eddi gian \u0111\u1ecdc":"3 ph\u00fat"},"schema":{"@context":"https:\/\/schema.org","@graph":[{"@type":"WebPage","@id":"https:\/\/cela.org.vn\/vi\/phap-ly\/","url":"https:\/\/cela.org.vn\/vi\/phap-ly\/","name":"Ph\u00e1p l\u00fd - Trung t\u00e2m t\u01b0 v\u1ea5n ph\u00e1p lu\u1eadt \u2013 Vi\u1ec7n Nh\u00e0 n\u01b0\u1edbc v\u00e0 Ph\u00e1p lu\u1eadt","isPartOf":{"@id":"https:\/\/cela.org.vn\/vi\/#website"},"datePublished":"2021-07-29T10:41:46+00:00","dateModified":"2021-08-02T03:20:13+00:00","breadcrumb":{"@id":"https:\/\/cela.org.vn\/vi\/phap-ly\/#breadcrumb"},"inLanguage":"vi","potentialAction":[{"@type":"ReadAction","target":["https:\/\/cela.org.vn\/vi\/phap-ly\/"]}]},{"@type":"BreadcrumbList","@id":"https:\/\/cela.org.vn\/vi\/phap-ly\/#breadcrumb","itemListElement":[{"@type":"ListItem","position":1,"name":"Trang ch\u1ee7","item":"https:\/\/cela.org.vn\/"},{"@type":"ListItem","position":2,"name":"Ph\u00e1p l\u00fd"}]},{"@type":"WebSite","@id":"https:\/\/cela.org.vn\/vi\/#website","url":"https:\/\/cela.org.vn\/vi\/","name":"Trung t\u00e2m t\u01b0 v\u1ea5n ph\u00e1p lu\u1eadt \u2013 Vi\u1ec7n Nh\u00e0 n\u01b0\u1edbc v\u00e0 Ph\u00e1p lu\u1eadt","description":"","potentialAction":[{"@type":"SearchAction","target":{"@type":"EntryPoint","urlTemplate":"https:\/\/cela.org.vn\/vi\/?s={search_term_string}"},"query-input":"required name=search_term_string"}],"inLanguage":"vi"}]}},"_links":{"self":[{"href":"https:\/\/cela.org.vn\/vi\/wp-json\/wp\/v2\/pages\/262","targetHints":{"allow":["GET"]}}],"collection":[{"href":"https:\/\/cela.org.vn\/vi\/wp-json\/wp\/v2\/pages"}],"about":[{"href":"https:\/\/cela.org.vn\/vi\/wp-json\/wp\/v2\/types\/page"}],"author":[{"embeddable":true,"href":"https:\/\/cela.org.vn\/vi\/wp-json\/wp\/v2\/users\/1"}],"replies":[{"embeddable":true,"href":"https:\/\/cela.org.vn\/vi\/wp-json\/wp\/v2\/comments?post=262"}],"version-history":[{"count":6,"href":"https:\/\/cela.org.vn\/vi\/wp-json\/wp\/v2\/pages\/262\/revisions"}],"predecessor-version":[{"id":427,"href":"https:\/\/cela.org.vn\/vi\/wp-json\/wp\/v2\/pages\/262\/revisions\/427"}],"wp:attachment":[{"href":"https:\/\/cela.org.vn\/vi\/wp-json\/wp\/v2\/media?parent=262"}],"curies":[{"name":"wp","href":"https:\/\/api.w.org\/{rel}","templated":true}]}}