{"id":262,"date":"2021-07-29T10:41:46","date_gmt":"2021-07-29T10:41:46","guid":{"rendered":"https:\/\/cela.org.vn\/?page_id=262"},"modified":"2021-08-02T03:20:13","modified_gmt":"2021-08-02T03:20:13","slug":"phap-ly","status":"publish","type":"page","link":"https:\/\/cela.org.vn\/en\/phap-ly\/","title":{"rendered":"Ph\u00e1p l\u00fd"},"content":{"rendered":"<div class=\"banner has-hover\" id=\"banner-845257203\">\n          <div class=\"banner-inner fill\">\n        <div class=\"banner-bg fill\" >\n            <div class=\"bg fill bg-fill\"><\/div>\n                                    \n                    <\/div>\n        <div class=\"banner-layers container\">\n            <div class=\"fill banner-link\"><\/div>            \n   <div id=\"text-box-1831766994\" class=\"text-box banner-layer x50 md-x50 lg-x50 y50 md-y50 lg-y50 res-text\">\n                                <div class=\"text-box-content text dark\">\n              \n              <div class=\"text-inner text-center\">\n                  \n              <\/div>\n           <\/div>\n                            \n<style>\n#text-box-1831766994 {\n  width: 60%;\n}\n#text-box-1831766994 .text-box-content {\n  font-size: 100%;\n}\n<\/style>\n    <\/div>\n \n        <\/div>\n      <\/div>\n\n            \n<style>\n#banner-845257203 {\n  padding-top: 75%;\n}\n#banner-845257203 .bg.bg-loaded {\n  background-image: url(https:\/\/cela.org.vn\/wp-content\/uploads\/2021\/07\/banner.jpg);\n}\n@media (min-width:550px) {\n  #banner-845257203 {\n    padding-top: 500px;\n  }\n}\n<\/style>\n  <\/div>\n\n\n<div class=\"row\"  id=\"row-1603688387\">\n\n\t<div id=\"col-82223919\" class=\"col small-12 large-12\"  >\n\t\t\t\t<div class=\"col-inner box-shadow-2\"  >\n\t\t\t\n\t\t\t\n<div class=\"container section-title-container title-t-1\" ><h1 class=\"section-title section-title-center\"><b><\/b><span class=\"section-title-main\" >LEGAL AID<\/span><b><\/b><\/h1><\/div>\n<p><span style=\"color: #000000;\">This activity is carried out based on the social responsibility of the Institute of State and Law in providing free of charge legal services. Since its establishment, CELA has provided free legal advice and assistance to hundred of cases for people in financial difficulties and vulnerable groups.<\/span><\/p>\n\n  \n    <div class=\"row large-columns-3 medium-columns-1 small-columns-1 has-shadow row-box-shadow-1\">\n  \t\t<div class=\"col post-item\" >\n\t\t\t<div class=\"col-inner\">\n\t\t\t<a href=\"https:\/\/cela.org.vn\/en\/khao-sat-thuc-trang-thuc-hien-phap-luat-dat-dai-va-tinh-hinh-khieu-kien-ve-dat-dai-tai-huyen-ly-nhan-huyen-thanh-liem-va-thanh-pho-phu-ly-tinh-ha-nam.html\/\" class=\"plain\">\n\t\t\t\t<div class=\"box box-normal box-text-bottom box-blog-post has-hover\">\n            \t\t\t\t\t<div class=\"box-image\" >\n  \t\t\t\t\t\t<div class=\"image-zoom image-cover\" style=\"padding-top:56.25%;\">\n  \t\t\t\t\t\t\t<img loading=\"lazy\" decoding=\"async\" width=\"960\" height=\"720\" src=\"https:\/\/cela.org.vn\/wp-content\/uploads\/2021\/07\/t-5.jpg\" class=\"attachment-original size-original wp-post-image\" alt=\"\" srcset=\"https:\/\/cela.org.vn\/wp-content\/uploads\/2021\/07\/t-5.jpg 960w, https:\/\/cela.org.vn\/wp-content\/uploads\/2021\/07\/t-5-300x225.jpg 300w, https:\/\/cela.org.vn\/wp-content\/uploads\/2021\/07\/t-5-768x576.jpg 768w\" sizes=\"auto, (max-width: 960px) 100vw, 960px\" \/>  \t\t\t\t\t\t\t  \t\t\t\t\t\t\t  \t\t\t\t\t\t<\/div>\n  \t\t\t\t\t\t  \t\t\t\t\t<\/div>\n          \t\t\t\t\t<div class=\"box-text text-left\" >\n\t\t\t\t\t<div class=\"box-text-inner blog-post-inner\">\n\n\t\t\t\t\t\n\t\t\t\t\t\t\t\t\t\t<h5 class=\"post-title is-large\">Surveying the implementation of land law and practice of land complaints in Ly Nhan district, Thanh Liem district and Phu Ly city, Ha Nam province<\/h5>\n\t\t\t\t\t<div class=\"post-meta is-small op-8\">29 July, 2021<\/div>\t\t\t\t\t<div class=\"is-divider\"><\/div>\n\t\t\t\t\t\t\t\t\t\t<p class=\"from_the_blog_excerpt\">Date: 1 October 2018\nAuthor: Bui Duc Hien\n\nOn 1 October 2018, CELA working group conducted a survey on the implementation of land law and practice of land complaints in Ly Nhan district,\t\t\t\t\t<\/p>\n\t\t\t\t\t                    \n\t\t\t\t\t\n\t\t\t\t\t\n\t\t\t\t\t<\/div>\n\t\t\t\t\t<\/div>\n\t\t\t\t\t\t\t\t\t<\/div>\n\t\t\t\t<\/a>\n\t\t\t<\/div>\n\t\t<\/div>\n\t\t<div class=\"col post-item\" >\n\t\t\t<div class=\"col-inner\">\n\t\t\t<a href=\"https:\/\/cela.org.vn\/en\/tham-gia-trao-doi-tai-toa-dam-ve-sua-doi-luat-thi-hanh-an-hinh-su-va-toa-dam-ve-huy-dong-nguon-luc-xa-hoi-tro-giup-phap-ly.html\/\" class=\"plain\">\n\t\t\t\t<div class=\"box box-normal box-text-bottom box-blog-post has-hover\">\n            \t\t\t\t\t<div class=\"box-image\" >\n  \t\t\t\t\t\t<div class=\"image-zoom image-cover\" style=\"padding-top:56.25%;\">\n  \t\t\t\t\t\t\t<img loading=\"lazy\" decoding=\"async\" width=\"960\" height=\"720\" src=\"https:\/\/cela.org.vn\/wp-content\/uploads\/2021\/07\/t-3.jpg\" class=\"attachment-original size-original wp-post-image\" alt=\"\" srcset=\"https:\/\/cela.org.vn\/wp-content\/uploads\/2021\/07\/t-3.jpg 960w, https:\/\/cela.org.vn\/wp-content\/uploads\/2021\/07\/t-3-300x225.jpg 300w, https:\/\/cela.org.vn\/wp-content\/uploads\/2021\/07\/t-3-768x576.jpg 768w\" sizes=\"auto, (max-width: 960px) 100vw, 960px\" \/>  \t\t\t\t\t\t\t  \t\t\t\t\t\t\t  \t\t\t\t\t\t<\/div>\n  \t\t\t\t\t\t  \t\t\t\t\t<\/div>\n          \t\t\t\t\t<div class=\"box-text text-left\" >\n\t\t\t\t\t<div class=\"box-text-inner blog-post-inner\">\n\n\t\t\t\t\t\n\t\t\t\t\t\t\t\t\t\t<h5 class=\"post-title is-large\">Participating in the Seminar on Revision of the Law on Execution of Criminal Judgment and Discussion Session on Mobilizing social resources for Legal Aid<\/h5>\n\t\t\t\t\t<div class=\"post-meta is-small op-8\">29 July, 2021<\/div>\t\t\t\t\t<div class=\"is-divider\"><\/div>\n\t\t\t\t\t\t\t\t\t\t<p class=\"from_the_blog_excerpt\">Date: 1 November 2018\nAuthor: Dr. Bui Duc Hien\n\nOn 1 November 2018, Dr. Bui Duc Hien (CELA consultant) participated in the Seminar on Revision of the Law on Execution of Criminal Judgment and\t\t\t\t\t<\/p>\n\t\t\t\t\t                    \n\t\t\t\t\t\n\t\t\t\t\t\n\t\t\t\t\t<\/div>\n\t\t\t\t\t<\/div>\n\t\t\t\t\t\t\t\t\t<\/div>\n\t\t\t\t<\/a>\n\t\t\t<\/div>\n\t\t<\/div>\n\t\t<div class=\"col post-item\" >\n\t\t\t<div class=\"col-inner\">\n\t\t\t<a href=\"https:\/\/cela.org.vn\/en\/tu-van-phap-luat-tro-giup-phap-ly-cho-cong-dan-tai-ubnd-phuong-bien-giang-va-ubnd-quan-ha-dong.html\/\" class=\"plain\">\n\t\t\t\t<div class=\"box box-normal box-text-bottom box-blog-post has-hover\">\n            \t\t\t\t\t<div class=\"box-image\" >\n  \t\t\t\t\t\t<div class=\"image-zoom image-cover\" style=\"padding-top:56.25%;\">\n  \t\t\t\t\t\t\t<img loading=\"lazy\" decoding=\"async\" width=\"519\" height=\"390\" src=\"https:\/\/cela.org.vn\/wp-content\/uploads\/2021\/07\/t.jpg\" class=\"attachment-original size-original wp-post-image\" alt=\"\" srcset=\"https:\/\/cela.org.vn\/wp-content\/uploads\/2021\/07\/t.jpg 519w, https:\/\/cela.org.vn\/wp-content\/uploads\/2021\/07\/t-300x225.jpg 300w\" sizes=\"auto, (max-width: 519px) 100vw, 519px\" \/>  \t\t\t\t\t\t\t  \t\t\t\t\t\t\t  \t\t\t\t\t\t<\/div>\n  \t\t\t\t\t\t  \t\t\t\t\t<\/div>\n          \t\t\t\t\t<div class=\"box-text text-left\" >\n\t\t\t\t\t<div class=\"box-text-inner blog-post-inner\">\n\n\t\t\t\t\t\n\t\t\t\t\t\t\t\t\t\t<h5 class=\"post-title is-large\">Providing legal advice and legal aid for habitants at the People's Committee of Bien Giang Ward and People's Committee of Ha Dong District<\/h5>\n\t\t\t\t\t<div class=\"post-meta is-small op-8\">29 July, 2021<\/div>\t\t\t\t\t<div class=\"is-divider\"><\/div>\n\t\t\t\t\t\t\t\t\t\t<p class=\"from_the_blog_excerpt\">Date: 7 March 2019\nAuthor: Dr. Bui Duc Hien\n On 7 March 2019, the working group, including Mr. Bui Duc Hien and Mr. Nguyen Chi Giang from CELA\t\t\t\t\t<\/p>\n\t\t\t\t\t                    \n\t\t\t\t\t\n\t\t\t\t\t\n\t\t\t\t\t<\/div>\n\t\t\t\t\t<\/div>\n\t\t\t\t\t\t\t\t\t<\/div>\n\t\t\t\t<\/a>\n\t\t\t<\/div>\n\t\t<\/div>\n<\/div>\n\t\t<\/div>\n\t\t\t\t\n<style>\n#col-82223919 > .col-inner {\n  padding: 15px 15px 15px 15px;\n}\n<\/style>\n\t<\/div>\n\n\t\n<\/div>","protected":false},"excerpt":{"rendered":"","protected":false},"author":1,"featured_media":0,"parent":0,"menu_order":0,"comment_status":"closed","ping_status":"closed","template":"page-blank.php","meta":{"footnotes":""},"class_list":["post-262","page","type-page","status-publish","hentry"],"yoast_head":"<!-- This site is optimized with the Yoast SEO plugin v19.14 - https:\/\/yoast.com\/wordpress\/plugins\/seo\/ -->\n<title>Ph\u00e1p l\u00fd - Trung t\u00e2m t\u01b0 v\u1ea5n ph\u00e1p lu\u1eadt \u2013 Vi\u1ec7n Nh\u00e0 n\u01b0\u1edbc v\u00e0 Ph\u00e1p lu\u1eadt<\/title>\n<meta name=\"robots\" content=\"index, follow, max-snippet:-1, max-image-preview:large, max-video-preview:-1\" \/>\n<link rel=\"canonical\" href=\"https:\/\/cela.org.vn\/en\/phap-ly\/\" \/>\n<meta property=\"og:locale\" content=\"en_GB\" \/>\n<meta property=\"og:type\" content=\"article\" \/>\n<meta property=\"og:title\" content=\"Ph\u00e1p l\u00fd - Trung t\u00e2m t\u01b0 v\u1ea5n ph\u00e1p lu\u1eadt \u2013 Vi\u1ec7n Nh\u00e0 n\u01b0\u1edbc v\u00e0 Ph\u00e1p lu\u1eadt\" \/>\n<meta property=\"og:url\" content=\"https:\/\/cela.org.vn\/en\/phap-ly\/\" \/>\n<meta property=\"og:site_name\" content=\"Trung t\u00e2m t\u01b0 v\u1ea5n ph\u00e1p lu\u1eadt \u2013 Vi\u1ec7n Nh\u00e0 n\u01b0\u1edbc v\u00e0 Ph\u00e1p lu\u1eadt\" \/>\n<meta property=\"article:modified_time\" content=\"2021-08-02T03:20:13+00:00\" \/>\n<meta name=\"twitter:card\" content=\"summary_large_image\" \/>\n<meta name=\"twitter:label1\" content=\"Est. reading time\" \/>\n\t<meta name=\"twitter:data1\" content=\"3 minutes\" \/>\n<script type=\"application\/ld+json\" class=\"yoast-schema-graph\">{\"@context\":\"https:\/\/schema.org\",\"@graph\":[{\"@type\":\"WebPage\",\"@id\":\"https:\/\/cela.org.vn\/vi\/phap-ly\/\",\"url\":\"https:\/\/cela.org.vn\/vi\/phap-ly\/\",\"name\":\"Ph\u00e1p l\u00fd - Trung t\u00e2m t\u01b0 v\u1ea5n ph\u00e1p lu\u1eadt \u2013 Vi\u1ec7n Nh\u00e0 n\u01b0\u1edbc v\u00e0 Ph\u00e1p lu\u1eadt\",\"isPartOf\":{\"@id\":\"https:\/\/cela.org.vn\/vi\/#website\"},\"datePublished\":\"2021-07-29T10:41:46+00:00\",\"dateModified\":\"2021-08-02T03:20:13+00:00\",\"breadcrumb\":{\"@id\":\"https:\/\/cela.org.vn\/vi\/phap-ly\/#breadcrumb\"},\"inLanguage\":\"en-GB\",\"potentialAction\":[{\"@type\":\"ReadAction\",\"target\":[\"https:\/\/cela.org.vn\/vi\/phap-ly\/\"]}]},{\"@type\":\"BreadcrumbList\",\"@id\":\"https:\/\/cela.org.vn\/vi\/phap-ly\/#breadcrumb\",\"itemListElement\":[{\"@type\":\"ListItem\",\"position\":1,\"name\":\"Trang ch\u1ee7\",\"item\":\"https:\/\/cela.org.vn\/\"},{\"@type\":\"ListItem\",\"position\":2,\"name\":\"Ph\u00e1p l\u00fd\"}]},{\"@type\":\"WebSite\",\"@id\":\"https:\/\/cela.org.vn\/vi\/#website\",\"url\":\"https:\/\/cela.org.vn\/vi\/\",\"name\":\"Trung t\u00e2m t\u01b0 v\u1ea5n ph\u00e1p lu\u1eadt \u2013 Vi\u1ec7n Nh\u00e0 n\u01b0\u1edbc v\u00e0 Ph\u00e1p lu\u1eadt\",\"description\":\"\",\"potentialAction\":[{\"@type\":\"SearchAction\",\"target\":{\"@type\":\"EntryPoint\",\"urlTemplate\":\"https:\/\/cela.org.vn\/vi\/?s={search_term_string}\"},\"query-input\":\"required name=search_term_string\"}],\"inLanguage\":\"en-GB\"}]}<\/script>\n<!-- \/ Yoast SEO plugin. -->","yoast_head_json":{"title":"Ph\u00e1p l\u00fd - Trung t\u00e2m t\u01b0 v\u1ea5n ph\u00e1p lu\u1eadt \u2013 Vi\u1ec7n Nh\u00e0 n\u01b0\u1edbc v\u00e0 Ph\u00e1p lu\u1eadt","robots":{"index":"index","follow":"follow","max-snippet":"max-snippet:-1","max-image-preview":"max-image-preview:large","max-video-preview":"max-video-preview:-1"},"canonical":"https:\/\/cela.org.vn\/en\/phap-ly\/","og_locale":"en_GB","og_type":"article","og_title":"Ph\u00e1p l\u00fd - Trung t\u00e2m t\u01b0 v\u1ea5n ph\u00e1p lu\u1eadt \u2013 Vi\u1ec7n Nh\u00e0 n\u01b0\u1edbc v\u00e0 Ph\u00e1p lu\u1eadt","og_url":"https:\/\/cela.org.vn\/en\/phap-ly\/","og_site_name":"Trung t\u00e2m t\u01b0 v\u1ea5n ph\u00e1p lu\u1eadt \u2013 Vi\u1ec7n Nh\u00e0 n\u01b0\u1edbc v\u00e0 Ph\u00e1p lu\u1eadt","article_modified_time":"2021-08-02T03:20:13+00:00","twitter_card":"summary_large_image","twitter_misc":{"Est. reading time":"3 minutes"},"schema":{"@context":"https:\/\/schema.org","@graph":[{"@type":"WebPage","@id":"https:\/\/cela.org.vn\/vi\/phap-ly\/","url":"https:\/\/cela.org.vn\/vi\/phap-ly\/","name":"Ph\u00e1p l\u00fd - Trung t\u00e2m t\u01b0 v\u1ea5n ph\u00e1p lu\u1eadt \u2013 Vi\u1ec7n Nh\u00e0 n\u01b0\u1edbc v\u00e0 Ph\u00e1p lu\u1eadt","isPartOf":{"@id":"https:\/\/cela.org.vn\/vi\/#website"},"datePublished":"2021-07-29T10:41:46+00:00","dateModified":"2021-08-02T03:20:13+00:00","breadcrumb":{"@id":"https:\/\/cela.org.vn\/vi\/phap-ly\/#breadcrumb"},"inLanguage":"en-GB","potentialAction":[{"@type":"ReadAction","target":["https:\/\/cela.org.vn\/vi\/phap-ly\/"]}]},{"@type":"BreadcrumbList","@id":"https:\/\/cela.org.vn\/vi\/phap-ly\/#breadcrumb","itemListElement":[{"@type":"ListItem","position":1,"name":"Trang ch\u1ee7","item":"https:\/\/cela.org.vn\/"},{"@type":"ListItem","position":2,"name":"Ph\u00e1p l\u00fd"}]},{"@type":"WebSite","@id":"https:\/\/cela.org.vn\/vi\/#website","url":"https:\/\/cela.org.vn\/vi\/","name":"Trung t\u00e2m t\u01b0 v\u1ea5n ph\u00e1p lu\u1eadt \u2013 Vi\u1ec7n Nh\u00e0 n\u01b0\u1edbc v\u00e0 Ph\u00e1p lu\u1eadt","description":"","potentialAction":[{"@type":"SearchAction","target":{"@type":"EntryPoint","urlTemplate":"https:\/\/cela.org.vn\/vi\/?s={search_term_string}"},"query-input":"required name=search_term_string"}],"inLanguage":"en-GB"}]}},"_links":{"self":[{"href":"https:\/\/cela.org.vn\/en\/wp-json\/wp\/v2\/pages\/262","targetHints":{"allow":["GET"]}}],"collection":[{"href":"https:\/\/cela.org.vn\/en\/wp-json\/wp\/v2\/pages"}],"about":[{"href":"https:\/\/cela.org.vn\/en\/wp-json\/wp\/v2\/types\/page"}],"author":[{"embeddable":true,"href":"https:\/\/cela.org.vn\/en\/wp-json\/wp\/v2\/users\/1"}],"replies":[{"embeddable":true,"href":"https:\/\/cela.org.vn\/en\/wp-json\/wp\/v2\/comments?post=262"}],"version-history":[{"count":6,"href":"https:\/\/cela.org.vn\/en\/wp-json\/wp\/v2\/pages\/262\/revisions"}],"predecessor-version":[{"id":427,"href":"https:\/\/cela.org.vn\/en\/wp-json\/wp\/v2\/pages\/262\/revisions\/427"}],"wp:attachment":[{"href":"https:\/\/cela.org.vn\/en\/wp-json\/wp\/v2\/media?parent=262"}],"curies":[{"name":"wp","href":"https:\/\/api.w.org\/{rel}","templated":true}]}}