{"id":118,"date":"2021-07-28T04:02:37","date_gmt":"2021-07-28T04:02:37","guid":{"rendered":"https:\/\/cela.org.vn\/?page_id=118"},"modified":"2021-07-28T04:17:17","modified_gmt":"2021-07-28T04:17:17","slug":"dang-ky-nhan-tai-lieu","status":"publish","type":"page","link":"https:\/\/cela.org.vn\/en\/dang-ky-nhan-tai-lieu\/","title":{"rendered":"\u0110\u0103ng k\u00fd nh\u1eadn t\u00e0i li\u1ec7u"},"content":{"rendered":"<div class=\"banner has-hover\" id=\"banner-1137047686\">\n          <div class=\"banner-inner fill\">\n        <div class=\"banner-bg fill\" >\n            <div class=\"bg fill bg-fill\"><\/div>\n                                    \n                    <\/div>\n        <div class=\"banner-layers container\">\n            <div class=\"fill banner-link\"><\/div>            \n   <div id=\"text-box-150495188\" class=\"text-box banner-layer x50 md-x50 lg-x50 y50 md-y50 lg-y50 res-text\">\n                                <div class=\"text-box-content text dark\">\n              \n              <div class=\"text-inner text-center\">\n                  \n              <\/div>\n           <\/div>\n                            \n<style>\n#text-box-150495188 {\n  width: 60%;\n}\n#text-box-150495188 .text-box-content {\n  font-size: 100%;\n}\n<\/style>\n    <\/div>\n \n        <\/div>\n      <\/div>\n\n            \n<style>\n#banner-1137047686 {\n  padding-top: 300px;\n}\n#banner-1137047686 .bg.bg-loaded {\n  background-image: url(https:\/\/cela.org.vn\/wp-content\/uploads\/2021\/07\/banner.jpg);\n}\n#banner-1137047686 .bg {\n  background-position: 4% 48%;\n}\n<\/style>\n  <\/div>\n\n\n\t<section class=\"section\" id=\"section_1804220189\">\n\t\t<div class=\"bg section-bg fill bg-fill  bg-loaded\" >\n\n\t\t\t\n\t\t\t\n\t\t\t\n\n\t\t<\/div>\n\n\t\t<div class=\"section-content relative\">\n\t\t\t\n<div class=\"row align-center\"  id=\"row-1001856763\">\n\n\t<div id=\"col-459939710\" class=\"col medium-6 small-12 large-6\"  >\n\t\t\t\t<div class=\"col-inner box-shadow-2\" style=\"background-color:rgb(255, 255, 255);\" >\n\t\t\t\n\t\t\t\n<h3><strong><span style=\"color: #000000;\">\u0110\u0103ng k\u00fd nh\u1eadn t\u00e0i li\u1ec7u<\/span><\/strong><\/h3>\n<p><span style=\"color: #000000;\">B\u1ea1n h\u00e3y \u0111i\u1ec1n v\u00e0o email v\u00e0 s\u1ed1 \u0111i\u1ec7n tho\u1ea1i \u0111\u1ec3 ch\u00fang t\u00f4i g\u1eedi t\u00e0i li\u1ec7u<\/span><\/p>\n<div class=\"wpcf7 no-js\" id=\"wpcf7-f117-o1\" lang=\"vi\" dir=\"ltr\">\n<div class=\"screen-reader-response\"><p role=\"status\" aria-live=\"polite\" aria-atomic=\"true\"><\/p> <ul><\/ul><\/div>\n<form action=\"\/en\/wp-json\/wp\/v2\/pages\/118#wpcf7-f117-o1\" method=\"post\" class=\"wpcf7-form init\" aria-label=\"Contact form\" novalidate=\"novalidate\" data-status=\"init\" data-trp-original-action=\"\/en\/wp-json\/wp\/v2\/pages\/118#wpcf7-f117-o1\">\n<div style=\"display: none;\">\n<input type=\"hidden\" name=\"_wpcf7\" value=\"117\" \/>\n<input type=\"hidden\" name=\"_wpcf7_version\" value=\"5.7.2\" \/>\n<input type=\"hidden\" name=\"_wpcf7_locale\" value=\"vi\" \/>\n<input type=\"hidden\" name=\"_wpcf7_unit_tag\" value=\"wpcf7-f117-o1\" \/>\n<input type=\"hidden\" name=\"_wpcf7_container_post\" value=\"0\" \/>\n<input type=\"hidden\" name=\"_wpcf7_posted_data_hash\" value=\"\" \/>\n<\/div>\n<div class=\"form-dangky\">\n\t<p><span class=\"wpcf7-form-control-wrap\" data-name=\"email-327\"><input size=\"40\" class=\"wpcf7-form-control wpcf7-text wpcf7-email wpcf7-validates-as-required wpcf7-validates-as-email\" aria-required=\"true\" aria-invalid=\"false\" placeholder=\"\u0110\u1ecba ch\u1ec9 Email c\u1ee7a b\u1ea1n\" value=\"\" type=\"email\" name=\"email-327\" \/><\/span><br \/>\n<span class=\"wpcf7-form-control-wrap\" data-name=\"tel-245\"><input size=\"40\" class=\"wpcf7-form-control wpcf7-text wpcf7-tel wpcf7-validates-as-required wpcf7-validates-as-tel\" aria-required=\"true\" aria-invalid=\"false\" placeholder=\"S\u1ed1 \u0111i\u1ec7n tho\u1ea1i\" value=\"\" type=\"tel\" name=\"tel-245\" \/><\/span><br \/>\n<span class=\"wpcf7-form-control-wrap\" data-name=\"text-200\"><input size=\"40\" class=\"wpcf7-form-control wpcf7-text wpcf7-validates-as-required\" aria-required=\"true\" aria-invalid=\"false\" placeholder=\"T\u00e0i li\u1ec7u quan t\u00e2m\" value=\"\" type=\"text\" name=\"text-200\" \/><\/span><br \/>\n<input class=\"wpcf7-form-control has-spinner wpcf7-submit\" type=\"submit\" value=\"Sign Up\" \/>\n\t<\/p>\n<\/div><div class=\"wpcf7-response-output\" aria-hidden=\"true\"><\/div><input type=\"hidden\" name=\"trp-form-language\" value=\"en\"\/><\/form><\/div>\n\t\t<\/div>\n\t\t\t\t\n<style>\n#col-459939710 > .col-inner {\n  padding: 15px 15px 15px 15px;\n}\n<\/style>\n\t<\/div>\n\n\t\n\n\t<div id=\"col-944433064\" class=\"col medium-6 small-12 large-6\"  >\n\t\t\t\t<div class=\"col-inner box-shadow-2\" style=\"background-color:rgb(255, 255, 255);\" >\n\t\t\t\n\t\t\t\n\t<div class=\"img has-hover x md-x lg-x y md-y lg-y\" id=\"image_762226756\">\n\t\t\t\t\t\t\t\t<div class=\"img-inner image-cover dark\" style=\"padding-top:57%;\">\n\t\t\t<img loading=\"lazy\" decoding=\"async\" width=\"1020\" height=\"736\" src=\"https:\/\/cela.org.vn\/wp-content\/uploads\/2021\/07\/download-tai-lieu-mien-phi-2-1024x739.jpg\" class=\"attachment-large size-large\" alt=\"\" srcset=\"https:\/\/cela.org.vn\/wp-content\/uploads\/2021\/07\/download-tai-lieu-mien-phi-2-1024x739.jpg 1024w, https:\/\/cela.org.vn\/wp-content\/uploads\/2021\/07\/download-tai-lieu-mien-phi-2-300x216.jpg 300w, https:\/\/cela.org.vn\/wp-content\/uploads\/2021\/07\/download-tai-lieu-mien-phi-2-768x554.jpg 768w, https:\/\/cela.org.vn\/wp-content\/uploads\/2021\/07\/download-tai-lieu-mien-phi-2-600x433.jpg 600w, https:\/\/cela.org.vn\/wp-content\/uploads\/2021\/07\/download-tai-lieu-mien-phi-2.jpg 1414w\" sizes=\"auto, (max-width: 1020px) 100vw, 1020px\" \/>\t\t\t\t\t\t\n\t\t\t\t\t<\/div>\n\t\t\t\t\t\t\t\t\n<style>\n#image_762226756 {\n  width: 100%;\n}\n<\/style>\n\t<\/div>\n\t\n\t\t<\/div>\n\t\t\t\t\n<style>\n#col-944433064 > .col-inner {\n  padding: 15px 15px 15px 15px;\n}\n<\/style>\n\t<\/div>\n\n\t\n<\/div>\n\t\t<\/div>\n\n\t\t\n<style>\n#section_1804220189 {\n  padding-top: 30px;\n  padding-bottom: 30px;\n  background-color: rgb(236, 236, 236);\n}\n<\/style>\n\t<\/section>","protected":false},"excerpt":{"rendered":"","protected":false},"author":1,"featured_media":0,"parent":0,"menu_order":0,"comment_status":"closed","ping_status":"closed","template":"page-blank.php","meta":{"footnotes":""},"class_list":["post-118","page","type-page","status-publish","hentry"],"yoast_head":"<!-- This site is optimized with the Yoast SEO plugin v19.14 - https:\/\/yoast.com\/wordpress\/plugins\/seo\/ -->\n<title>\u0110\u0103ng k\u00fd nh\u1eadn t\u00e0i li\u1ec7u - Trung t\u00e2m t\u01b0 v\u1ea5n ph\u00e1p lu\u1eadt \u2013 Vi\u1ec7n Nh\u00e0 n\u01b0\u1edbc v\u00e0 Ph\u00e1p lu\u1eadt<\/title>\n<meta name=\"robots\" content=\"index, follow, max-snippet:-1, max-image-preview:large, max-video-preview:-1\" \/>\n<link rel=\"canonical\" href=\"https:\/\/cela.org.vn\/en\/dang-ky-nhan-tai-lieu\/\" \/>\n<meta property=\"og:locale\" content=\"en_GB\" \/>\n<meta property=\"og:type\" content=\"article\" \/>\n<meta property=\"og:title\" content=\"\u0110\u0103ng k\u00fd nh\u1eadn t\u00e0i li\u1ec7u - Trung t\u00e2m t\u01b0 v\u1ea5n ph\u00e1p lu\u1eadt \u2013 Vi\u1ec7n Nh\u00e0 n\u01b0\u1edbc v\u00e0 Ph\u00e1p lu\u1eadt\" \/>\n<meta property=\"og:url\" content=\"https:\/\/cela.org.vn\/en\/dang-ky-nhan-tai-lieu\/\" \/>\n<meta property=\"og:site_name\" content=\"Trung t\u00e2m t\u01b0 v\u1ea5n ph\u00e1p lu\u1eadt \u2013 Vi\u1ec7n Nh\u00e0 n\u01b0\u1edbc v\u00e0 Ph\u00e1p lu\u1eadt\" \/>\n<meta property=\"article:modified_time\" content=\"2021-07-28T04:17:17+00:00\" \/>\n<meta name=\"twitter:card\" content=\"summary_large_image\" \/>\n<script type=\"application\/ld+json\" class=\"yoast-schema-graph\">{\"@context\":\"https:\/\/schema.org\",\"@graph\":[{\"@type\":\"WebPage\",\"@id\":\"https:\/\/cela.org.vn\/vi\/dang-ky-nhan-tai-lieu\/\",\"url\":\"https:\/\/cela.org.vn\/vi\/dang-ky-nhan-tai-lieu\/\",\"name\":\"\u0110\u0103ng k\u00fd nh\u1eadn t\u00e0i li\u1ec7u - Trung t\u00e2m t\u01b0 v\u1ea5n ph\u00e1p lu\u1eadt \u2013 Vi\u1ec7n Nh\u00e0 n\u01b0\u1edbc v\u00e0 Ph\u00e1p lu\u1eadt\",\"isPartOf\":{\"@id\":\"https:\/\/cela.org.vn\/vi\/#website\"},\"datePublished\":\"2021-07-28T04:02:37+00:00\",\"dateModified\":\"2021-07-28T04:17:17+00:00\",\"breadcrumb\":{\"@id\":\"https:\/\/cela.org.vn\/vi\/dang-ky-nhan-tai-lieu\/#breadcrumb\"},\"inLanguage\":\"en-GB\",\"potentialAction\":[{\"@type\":\"ReadAction\",\"target\":[\"https:\/\/cela.org.vn\/vi\/dang-ky-nhan-tai-lieu\/\"]}]},{\"@type\":\"BreadcrumbList\",\"@id\":\"https:\/\/cela.org.vn\/vi\/dang-ky-nhan-tai-lieu\/#breadcrumb\",\"itemListElement\":[{\"@type\":\"ListItem\",\"position\":1,\"name\":\"Trang ch\u1ee7\",\"item\":\"https:\/\/cela.org.vn\/\"},{\"@type\":\"ListItem\",\"position\":2,\"name\":\"\u0110\u0103ng k\u00fd nh\u1eadn t\u00e0i li\u1ec7u\"}]},{\"@type\":\"WebSite\",\"@id\":\"https:\/\/cela.org.vn\/vi\/#website\",\"url\":\"https:\/\/cela.org.vn\/vi\/\",\"name\":\"Trung t\u00e2m t\u01b0 v\u1ea5n ph\u00e1p lu\u1eadt \u2013 Vi\u1ec7n Nh\u00e0 n\u01b0\u1edbc v\u00e0 Ph\u00e1p lu\u1eadt\",\"description\":\"\",\"potentialAction\":[{\"@type\":\"SearchAction\",\"target\":{\"@type\":\"EntryPoint\",\"urlTemplate\":\"https:\/\/cela.org.vn\/vi\/?s={search_term_string}\"},\"query-input\":\"required name=search_term_string\"}],\"inLanguage\":\"en-GB\"}]}<\/script>\n<!-- \/ Yoast SEO plugin. -->","yoast_head_json":{"title":"\u0110\u0103ng k\u00fd nh\u1eadn t\u00e0i li\u1ec7u - Trung t\u00e2m t\u01b0 v\u1ea5n ph\u00e1p lu\u1eadt \u2013 Vi\u1ec7n Nh\u00e0 n\u01b0\u1edbc v\u00e0 Ph\u00e1p lu\u1eadt","robots":{"index":"index","follow":"follow","max-snippet":"max-snippet:-1","max-image-preview":"max-image-preview:large","max-video-preview":"max-video-preview:-1"},"canonical":"https:\/\/cela.org.vn\/en\/dang-ky-nhan-tai-lieu\/","og_locale":"en_GB","og_type":"article","og_title":"\u0110\u0103ng k\u00fd nh\u1eadn t\u00e0i li\u1ec7u - Trung t\u00e2m t\u01b0 v\u1ea5n ph\u00e1p lu\u1eadt \u2013 Vi\u1ec7n Nh\u00e0 n\u01b0\u1edbc v\u00e0 Ph\u00e1p lu\u1eadt","og_url":"https:\/\/cela.org.vn\/en\/dang-ky-nhan-tai-lieu\/","og_site_name":"Trung t\u00e2m t\u01b0 v\u1ea5n ph\u00e1p lu\u1eadt \u2013 Vi\u1ec7n Nh\u00e0 n\u01b0\u1edbc v\u00e0 Ph\u00e1p lu\u1eadt","article_modified_time":"2021-07-28T04:17:17+00:00","twitter_card":"summary_large_image","schema":{"@context":"https:\/\/schema.org","@graph":[{"@type":"WebPage","@id":"https:\/\/cela.org.vn\/vi\/dang-ky-nhan-tai-lieu\/","url":"https:\/\/cela.org.vn\/vi\/dang-ky-nhan-tai-lieu\/","name":"\u0110\u0103ng k\u00fd nh\u1eadn t\u00e0i li\u1ec7u - Trung t\u00e2m t\u01b0 v\u1ea5n ph\u00e1p lu\u1eadt \u2013 Vi\u1ec7n Nh\u00e0 n\u01b0\u1edbc v\u00e0 Ph\u00e1p lu\u1eadt","isPartOf":{"@id":"https:\/\/cela.org.vn\/vi\/#website"},"datePublished":"2021-07-28T04:02:37+00:00","dateModified":"2021-07-28T04:17:17+00:00","breadcrumb":{"@id":"https:\/\/cela.org.vn\/vi\/dang-ky-nhan-tai-lieu\/#breadcrumb"},"inLanguage":"en-GB","potentialAction":[{"@type":"ReadAction","target":["https:\/\/cela.org.vn\/vi\/dang-ky-nhan-tai-lieu\/"]}]},{"@type":"BreadcrumbList","@id":"https:\/\/cela.org.vn\/vi\/dang-ky-nhan-tai-lieu\/#breadcrumb","itemListElement":[{"@type":"ListItem","position":1,"name":"Trang ch\u1ee7","item":"https:\/\/cela.org.vn\/"},{"@type":"ListItem","position":2,"name":"\u0110\u0103ng k\u00fd nh\u1eadn t\u00e0i li\u1ec7u"}]},{"@type":"WebSite","@id":"https:\/\/cela.org.vn\/vi\/#website","url":"https:\/\/cela.org.vn\/vi\/","name":"Trung t\u00e2m t\u01b0 v\u1ea5n ph\u00e1p lu\u1eadt \u2013 Vi\u1ec7n Nh\u00e0 n\u01b0\u1edbc v\u00e0 Ph\u00e1p lu\u1eadt","description":"","potentialAction":[{"@type":"SearchAction","target":{"@type":"EntryPoint","urlTemplate":"https:\/\/cela.org.vn\/vi\/?s={search_term_string}"},"query-input":"required name=search_term_string"}],"inLanguage":"en-GB"}]}},"_links":{"self":[{"href":"https:\/\/cela.org.vn\/en\/wp-json\/wp\/v2\/pages\/118","targetHints":{"allow":["GET"]}}],"collection":[{"href":"https:\/\/cela.org.vn\/en\/wp-json\/wp\/v2\/pages"}],"about":[{"href":"https:\/\/cela.org.vn\/en\/wp-json\/wp\/v2\/types\/page"}],"author":[{"embeddable":true,"href":"https:\/\/cela.org.vn\/en\/wp-json\/wp\/v2\/users\/1"}],"replies":[{"embeddable":true,"href":"https:\/\/cela.org.vn\/en\/wp-json\/wp\/v2\/comments?post=118"}],"version-history":[{"count":7,"href":"https:\/\/cela.org.vn\/en\/wp-json\/wp\/v2\/pages\/118\/revisions"}],"predecessor-version":[{"id":132,"href":"https:\/\/cela.org.vn\/en\/wp-json\/wp\/v2\/pages\/118\/revisions\/132"}],"wp:attachment":[{"href":"https:\/\/cela.org.vn\/en\/wp-json\/wp\/v2\/media?parent=118"}],"curies":[{"name":"wp","href":"https:\/\/api.w.org\/{rel}","templated":true}]}}